{"id":17,"date":"2019-07-22T10:15:07","date_gmt":"2019-07-22T08:15:07","guid":{"rendered":"http:\/\/lundbergsstiftelserna.etendo.se\/forskningsstiftelsen\/?page_id=17"},"modified":"2021-04-12T10:03:00","modified_gmt":"2021-04-12T08:03:00","slug":"lundbergsprofessurerna","status":"publish","type":"page","link":"https:\/\/www.lundbergsstiftelserna.se\/forskningsstiftelsen\/lundbergsprofessurerna\/","title":{"rendered":"Lundbergsprofessurerna"},"content":{"rendered":"<div class=\"fusion-fullwidth fullwidth-box fusion-builder-row-1 nonhundred-percent-fullwidth non-hundred-percent-height-scrolling\" style=\"--awb-background-position:left top;--awb-border-radius-top-left:0px;--awb-border-radius-top-right:0px;--awb-border-radius-bottom-right:0px;--awb-border-radius-bottom-left:0px;--awb-padding-top:20px;--awb-padding-bottom:20px;--awb-border-sizes-top:0px;--awb-border-sizes-bottom:0px;--awb-flex-wrap:wrap;\" ><div class=\"fusion-builder-row fusion-row\"><div class=\"fusion-layout-column fusion_builder_column fusion-builder-column-0 fusion_builder_column_1_1 1_1 fusion-one-full fusion-column-first fusion-column-last fusion-column-no-min-height\" style=\"--awb-bg-size:cover;--awb-margin-bottom:0px;\"><div class=\"fusion-column-wrapper fusion-flex-column-wrapper-legacy\"><div class=\"fusion-sep-clear\"><\/div><div class=\"fusion-separator fusion-full-width-sep page-margin-top\" style=\"margin-left: auto;margin-right: auto;margin-top:150px;width:100%;\"><\/div><div class=\"fusion-sep-clear\"><\/div><div class=\"fusion-clearfix\"><\/div><\/div><\/div><div class=\"fusion-layout-column fusion_builder_column fusion-builder-column-1 fusion_builder_column_2_3 2_3 fusion-two-third fusion-column-first page-text-box\" style=\"--awb-bg-size:cover;--awb-margin-bottom:0px;width:65.3333%; margin-right: 4%;\"><div class=\"fusion-column-wrapper fusion-flex-column-wrapper-legacy\"><div class=\"fusion-title title fusion-title-1 sep-underline sep-solid fusion-title-text fusion-title-size-one\" style=\"--awb-sep-color:#1b1b1b;\"><h1 class=\"fusion-title-heading title-heading-left fusion-responsive-typography-calculated\" style=\"margin:0;--fontSize:36;line-height:1.4;\">Lundbergsprofessurerna<\/h1><\/div><div class=\"fusion-text fusion-text-1\"><p><strong class=\"uppercase-intro\">Tidigt n\u00e4r stiftelsen bildades<\/strong> v\u00e4cktes tanken p\u00e5 att en v\u00e4sentlig del av medlen skulle kunna anv\u00e4ndas f\u00f6r att finansiera en professur som skulle b\u00e4ra stiftarens namn. Det skulle handla om en l\u00e5ngsiktig relation p\u00e5 omr\u00e5den som inte minst praktikens akt\u00f6rer fann angel\u00e4gna. Fr\u00e5n bildandet av stiftelsen 1996 har Lars Erik Lundbergs professur haft tre innehavare som arbetat inom helt olika omr\u00e5den.<\/p>\n<\/div><div class=\"fusion-sep-clear\"><\/div><div class=\"fusion-separator fusion-full-width-sep\" style=\"margin-left: auto;margin-right: auto;margin-top:30px;width:100%;\"><\/div><div class=\"fusion-sep-clear\"><\/div><div class=\"fusion-clearfix\"><\/div><\/div><\/div><div class=\"fusion-layout-column fusion_builder_column fusion-builder-column-2 fusion_builder_column_1_3 1_3 fusion-one-third fusion-column-last\" style=\"--awb-bg-size:cover;--awb-margin-bottom:0px;width:30.6666%;\"><div class=\"fusion-column-wrapper fusion-flex-column-wrapper-legacy\"><div class=\"fusion-clearfix\"><\/div><\/div><\/div><div class=\"fusion-layout-column fusion_builder_column fusion-builder-column-3 fusion_builder_column_2_3 2_3 fusion-two-third fusion-column-first no-margin-mobile\" style=\"--awb-bg-size:cover;--awb-margin-bottom:30px;width:65.3333%; margin-right: 4%;\"><div class=\"fusion-column-wrapper fusion-flex-column-wrapper-legacy\"><div class=\"fusion-title title fusion-title-2 fusion-sep-none fusion-title-text fusion-title-size-two\" style=\"--awb-margin-bottom:0px;\"><h2 class=\"fusion-title-heading title-heading-left fusion-responsive-typography-calculated\" style=\"margin:0;--fontSize:30;line-height:1.5;\">Lundbergsprofessuren i Human Capital Management<\/h2><\/div><div class=\"fusion-clearfix\"><\/div><\/div><\/div><div class=\"fusion-layout-column fusion_builder_column fusion-builder-column-4 fusion_builder_column_1_3 1_3 fusion-one-third fusion-column-last no-margin-mobile\" style=\"--awb-bg-size:cover;--awb-margin-bottom:15px;width:30.6666%;\"><div class=\"fusion-column-wrapper fusion-flex-column-wrapper-legacy\"><div class=\"fusion-clearfix\"><\/div><\/div><\/div><div class=\"fusion-layout-column fusion_builder_column fusion-builder-column-5 fusion_builder_column_2_3 2_3 fusion-two-third fusion-column-first\" style=\"--awb-bg-size:cover;width:65.3333%; margin-right: 4%;\"><div class=\"fusion-column-wrapper fusion-flex-column-wrapper-legacy\"><div class=\"fusion-title title fusion-title-3 fusion-sep-none fusion-title-text fusion-title-size-two professorship-title-1\" style=\"--awb-margin-bottom:0px;\"><h2 class=\"fusion-title-heading title-heading-left fusion-responsive-typography-calculated\" style=\"margin:0;--fontSize:30;line-height:1.5;\">Andreas Werr<\/h2><\/div><div class=\"fusion-title title fusion-title-4 fusion-sep-none fusion-title-text fusion-title-size-three professorship-title-2\"><h3 class=\"fusion-title-heading title-heading-left fusion-responsive-typography-calculated\" style=\"margin:0;--fontSize:22;--minFontSize:22;line-height:1.5;\">Handelsh\u00f6gskolan i Stockholm<\/h3><\/div><div class=\"fusion-text fusion-text-2\"><p><strong>Bakgrund<\/strong><br \/>\nLars Erik Lundbergs Stiftelse f\u00f6r Forskning och Utbildning finansierar sedan 1 juli 2019 en nyinr\u00e4ttad professur ben\u00e4mnd \u201dLars Erik Lundbergs professur i F\u00f6retagsekonomi\u201d med s\u00e4rskild inriktning \u201dHuman Capital Management\u201d.<\/p>\n<p>Stiftelsen har f\u00f6rbundit sig att finansiera n\u00e4mnd professur under tio \u00e5r, fr.o.m. juli 2019 t.o.m. juni 2029, med initialt 2 miljoner kronor per tolvm\u00e5nadersperiod.<\/p>\n<p><strong>Forskning<\/strong><br \/>\nOrganisationers humankapital har i kunskapssamh\u00e4llets k\u00f6lvatten blivit en allt viktigare konkurrensfaktor och allt talar f\u00f6r att denna utveckling kommer att forts\u00e4tta. Den nyinr\u00e4ttade professuren i Human Capital Management vid Handelsh\u00f6gskolan i Stockholm syftar till att st\u00e4rka b\u00e5de forskning och utbildning vid Handelsh\u00f6gskolan i Stockholm i denna f\u00f6r organisationer allt viktigare fr\u00e5ga.<\/p>\n<p>Professuren g\u00f6r det m\u00f6jligt att vidareutveckla en l\u00e5ng tradition av forskning om m\u00e4nniskor i organisationer vid Handelsh\u00f6gskolan i Stockholm. Forskning kommer framf\u00f6rallt att fokusera p\u00e5 3 \u00f6vergripande teman:<\/p>\n<ul>\n<li>Kompetensf\u00f6rs\u00f6rjning \u00f6ver organisationsgr\u00e4nser.<\/li>\n<li>Talent management och kontinuerlig kompetensutveckling.<\/li>\n<li>Organisering f\u00f6r kunskapsintegration och l\u00e4rande\/innovation.<\/li>\n<\/ul>\n<p>Genom att bidra till den internationella kunskapsutvecklingen kring dessa fr\u00e5gor skall professuren b\u00e5de bidra till att st\u00e4rka Handelsh\u00f6gskolans internationella position inom dessa omr\u00e5den och till att st\u00e4rka effektivitet, h\u00e5llbarhet och konkurrenskraft i svenska organisationer.<\/p>\n<p><strong>Kunskapsspridning<\/strong><br \/>\nForskningen kommer att bedrivas i n\u00e4ra samarbete med organisationer f\u00f6r att s\u00e4kerst\u00e4lla b\u00e5de dess relevans och anv\u00e4ndning i organisationer. Genom deltagande i utbildningar och seminarier f\u00f6r studenter, HR professionen, chefer och medarbetare skall professuren bidra till en \u00f6kad dialog mellan forskning och praktik inom omr\u00e5dena Human Capital Management och Human Resource Management.<\/p>\n<p>F\u00f6r ytterligare information om professuren och dess verksamhet,\u00a0kontakta professor Andreas Werr.<br \/>\nTfn: 08-736 97 42<br \/>\n<a href=\"mailto:andreas.werr@hhs.se\">andreas.werr@hhs.se<\/a><\/p>\n<\/div><div class=\"fusion-clearfix\"><\/div><\/div><\/div><div class=\"fusion-layout-column fusion_builder_column fusion-builder-column-6 fusion_builder_column_1_3 1_3 fusion-one-third fusion-column-last image-box\" style=\"--awb-bg-size:cover;width:30.6666%;\"><div class=\"fusion-column-wrapper fusion-flex-column-wrapper-legacy\"><div class=\"fusion-image-element in-legacy-container\" style=\"--awb-caption-title-font-family:var(--h2_typography-font-family);--awb-caption-title-font-weight:var(--h2_typography-font-weight);--awb-caption-title-font-style:var(--h2_typography-font-style);--awb-caption-title-size:var(--h2_typography-font-size);--awb-caption-title-transform:var(--h2_typography-text-transform);--awb-caption-title-line-height:var(--h2_typography-line-height);--awb-caption-title-letter-spacing:var(--h2_typography-letter-spacing);\"><span class=\" fusion-imageframe imageframe-none imageframe-1 hover-type-none\"><img decoding=\"async\" width=\"500\" height=\"667\" title=\"Andreas-Werr_500x667 sv\" src=\"https:\/\/www.lundbergsstiftelserna.se\/forskningsstiftelsen\/wp-content\/uploads\/sites\/3\/2019\/08\/Andreas-Werr_500x667-sv.jpg\" alt class=\"img-responsive wp-image-803\" srcset=\"https:\/\/www.lundbergsstiftelserna.se\/forskningsstiftelsen\/wp-content\/uploads\/sites\/3\/2019\/08\/Andreas-Werr_500x667-sv-200x267.jpg 200w, https:\/\/www.lundbergsstiftelserna.se\/forskningsstiftelsen\/wp-content\/uploads\/sites\/3\/2019\/08\/Andreas-Werr_500x667-sv-400x534.jpg 400w, https:\/\/www.lundbergsstiftelserna.se\/forskningsstiftelsen\/wp-content\/uploads\/sites\/3\/2019\/08\/Andreas-Werr_500x667-sv.jpg 500w\" sizes=\"(max-width: 800px) 100vw, 400px\" \/><\/span><\/div><div class=\"fusion-clearfix\"><\/div><\/div><\/div><div class=\"fusion-layout-column fusion_builder_column fusion-builder-column-7 fusion_builder_column_1_1 1_1 fusion-one-full fusion-column-first fusion-column-last fusion-column-no-min-height\" style=\"--awb-bg-size:cover;--awb-margin-bottom:0px;\"><div class=\"fusion-column-wrapper fusion-flex-column-wrapper-legacy\"><div class=\"fusion-sep-clear\"><\/div><div class=\"fusion-separator fusion-full-width-sep page-margin-top\" style=\"margin-left: auto;margin-right: auto;margin-top:30px;width:100%;\"><\/div><div class=\"fusion-sep-clear\"><\/div><div class=\"fusion-clearfix\"><\/div><\/div><\/div><div class=\"fusion-layout-column fusion_builder_column fusion-builder-column-8 fusion_builder_column_2_3 2_3 fusion-two-third fusion-column-first no-margin-mobile\" style=\"--awb-bg-size:cover;--awb-margin-bottom:30px;width:65.3333%; margin-right: 4%;\"><div class=\"fusion-column-wrapper fusion-flex-column-wrapper-legacy\"><div class=\"fusion-title title fusion-title-5 fusion-sep-none fusion-title-text fusion-title-size-two\" style=\"--awb-margin-bottom:0px;\"><h2 class=\"fusion-title-heading title-heading-left fusion-responsive-typography-calculated\" style=\"margin:0;--fontSize:30;line-height:1.5;\">Lundbergsprofessuren i Bygglogistik\u00a0 &#8211;\u00a0 2009-2019<\/h2><\/div><div class=\"fusion-clearfix\"><\/div><\/div><\/div><div class=\"fusion-layout-column fusion_builder_column fusion-builder-column-9 fusion_builder_column_1_3 1_3 fusion-one-third fusion-column-last no-margin-mobile\" style=\"--awb-bg-size:cover;--awb-margin-bottom:15px;width:30.6666%;\"><div class=\"fusion-column-wrapper fusion-flex-column-wrapper-legacy\"><div class=\"fusion-clearfix\"><\/div><\/div><\/div><div class=\"fusion-layout-column fusion_builder_column fusion-builder-column-10 fusion_builder_column_2_3 2_3 fusion-two-third fusion-column-first\" style=\"--awb-bg-size:cover;width:65.3333%; margin-right: 4%;\"><div class=\"fusion-column-wrapper fusion-flex-column-wrapper-legacy\"><div class=\"fusion-title title fusion-title-6 fusion-sep-none fusion-title-text fusion-title-size-two professorship-title-1\" style=\"--awb-margin-bottom:0px;\"><h2 class=\"fusion-title-heading title-heading-left fusion-responsive-typography-calculated\" style=\"margin:0;--fontSize:30;line-height:1.5;\">Martin Rudberg<\/h2><\/div><div class=\"fusion-title title fusion-title-7 fusion-sep-none fusion-title-text fusion-title-size-three professorship-title-2\"><h3 class=\"fusion-title-heading title-heading-left fusion-responsive-typography-calculated\" style=\"margin:0;--fontSize:22;--minFontSize:22;line-height:1.5;\">Campus Norrk\u00f6ping, Link\u00f6pings universitet<\/h3><\/div><div class=\"fusion-text fusion-text-3\"><p><strong>Bakgrund<\/strong><br \/>\nLars Erik Lundbergs Stiftelse f\u00f6r Forskning och Utbildning finansierade mellan 2009 och 2019 en nyinr\u00e4ttad professur ben\u00e4mnd &#8221;Lars Erik Lundbergs professur i Bygglogistik&#8221;.<\/p>\n<p>Stiftelsen har f\u00f6rbundit sig att finansiera n\u00e4mnd professur samt en d\u00e4rmed f\u00f6rbunden doktorandtj\u00e4nst inom professurens \u00e4mne under tio \u00e5r, fr.o.m. juli 2009 t.o.m. juni 2019, med 1,5 miljoner kronor per tolvm\u00e5nadersperiod. Fr.o.m juli 2019 ansvarar Link\u00f6pings universitet f\u00f6r finansieringen.<\/p>\n<p>F\u00f6r Link\u00f6pings universitet och dess Campus Norrk\u00f6ping \u00e4r Lundbergprofessuren mycket viktig ur s\u00e5v\u00e4l forsknings- som utbildningsperspektiv.<\/p>\n<p><strong>Verksamhet<\/strong><br \/>\nVisionen f\u00f6r verksamheten \u00e4r att vara en nationellt ledande forskargrupp inom bygglogistik till \u00e5r 2015 och att till \u00e5r 2020 vara en internationellt ledande forskargrupp med f\u00f6rm\u00e5gan att bist\u00e5 svensk byggindustri med att vara konkurrenskraftig ur ett internationellt perspektiv. Med detta som grund inriktar sig gruppens verksamhet mot att dels bedriva forskning inom bygglogistik i n\u00e4ra samverkan med n\u00e4ringsliv, organisationer och andra forskningsmilj\u00f6er, dels att sprida kunskap och kompetens om bygglogistik till studenter, byggsektorn och det omgivande samh\u00e4llet. Bygglogistik innefattar i detta perspektiv logistik- och produktionsp\u00e5verkande aktiviteter i f\u00f6rs\u00f6rjningskedjan, p\u00e5 byggarbetsplatsen, samt i gr\u00e4nssnittet dem emellan.<\/p>\n<p><strong>Forskning<\/strong><br \/>\nDet \u00f6vergripande m\u00e5let \u00e4r att bedriva behovsmotiverad forskning f\u00f6rankrad i byggbranschen med en str\u00e4van om att bygga effektivare med avseende p\u00e5 tid, kostnad och kvalitet. Mer specifikt inriktas forskningen p\u00e5 att:<\/p>\n<ul>\n<li>Utveckla nya metoder och nya processer f\u00f6r effektiv bygglogistik.<\/li>\n<li>Utveckla logistiska principer och metoder f\u00f6r \u00f6kad grad av industrialisering.<\/li>\n<li>Utveckla nya informations-, planerings- och beslutsst\u00f6dsystem anpassade f\u00f6r byggsektorns speciella och framtida behov.<\/li>\n<\/ul>\n<p>P\u00e5g\u00e5ende forskningsprojekt \u00e4r bland annat inriktade p\u00e5 m\u00e5tt och m\u00e4tning samt analys och utveckling av logistiksystem inom byggbranschen, logistikl\u00f6sningar vid industrialisering och prefabricering, samt nyttjande av alternativa transport- och lagerl\u00f6sningar i byggandets f\u00f6rs\u00f6rjningskedja.<\/p>\n<p><strong>Kunskapsspridning<\/strong><br \/>\nVid sidan av att anordna seminarier, konferenser och att h\u00e5lla anf\u00f6randen f\u00f6r branschen och intresseorganisationer, sprids ocks\u00e5 resultaten fr\u00e5n verksamhetens forskning via nyhetsbrev och popul\u00e4rvetenskapliga artiklar i branschtidskrifter. Dessutom borgar ett n\u00e4ra samarbete med flera olika akt\u00f6rer l\u00e4ngs byggandets f\u00f6rs\u00f6rjningskedja att resultaten kommer till praktisk anv\u00e4ndning.<\/p>\n<p>Gentemot studenter ges ocks\u00e5 en kurs i bygglogistik. Initialt erbjuds kursen till byggingenj\u00f6rsprogrammet vid Link\u00f6pings universitet, Campus Norrk\u00f6ping, men i f\u00f6rl\u00e4ngningen skall kursen \u00e4ven kunna l\u00e4sas av studenter fr\u00e5n andra program med logistikinriktning. N\u00e5gra exempel fr\u00e5n kursinneh\u00e5llet \u00e4r Supply Chain Management, Lean production\/Lean construction, f\u00f6rs\u00f6rjningskedje- och byggplatslogistik, och industriellt byggande.<\/p>\n<p>F\u00f6r ytterligare information om professuren och dess verksamhet,\u00a0kontakta professor Martin Rudberg.<br \/>\nTfn: 013-281566<br \/>\n<a href=\"mailto:martin.rudberg@liu.se\">martin.rudberg@liu.se<\/a><\/p>\n<\/div><div class=\"fusion-clearfix\"><\/div><\/div><\/div><div class=\"fusion-layout-column fusion_builder_column fusion-builder-column-11 fusion_builder_column_1_3 1_3 fusion-one-third fusion-column-last image-box\" style=\"--awb-bg-size:cover;width:30.6666%;\"><div class=\"fusion-column-wrapper fusion-flex-column-wrapper-legacy\"><div class=\"fusion-image-element in-legacy-container\" style=\"--awb-caption-title-font-family:var(--h2_typography-font-family);--awb-caption-title-font-weight:var(--h2_typography-font-weight);--awb-caption-title-font-style:var(--h2_typography-font-style);--awb-caption-title-size:var(--h2_typography-font-size);--awb-caption-title-transform:var(--h2_typography-text-transform);--awb-caption-title-line-height:var(--h2_typography-line-height);--awb-caption-title-letter-spacing:var(--h2_typography-letter-spacing);\"><span class=\" fusion-imageframe imageframe-none imageframe-2 hover-type-none\"><img decoding=\"async\" width=\"683\" height=\"1024\" title=\"rudberg_sv\" src=\"https:\/\/www.lundbergsstiftelserna.se\/forskningsstiftelsen\/wp-content\/uploads\/sites\/3\/2016\/08\/Rudberg_sv-683x1024.jpg\" alt class=\"img-responsive wp-image-438\" srcset=\"https:\/\/www.lundbergsstiftelserna.se\/forskningsstiftelsen\/wp-content\/uploads\/sites\/3\/2016\/08\/Rudberg_sv-200x300.jpg 200w, https:\/\/www.lundbergsstiftelserna.se\/forskningsstiftelsen\/wp-content\/uploads\/sites\/3\/2016\/08\/Rudberg_sv-400x600.jpg 400w, https:\/\/www.lundbergsstiftelserna.se\/forskningsstiftelsen\/wp-content\/uploads\/sites\/3\/2016\/08\/Rudberg_sv-600x900.jpg 600w, https:\/\/www.lundbergsstiftelserna.se\/forskningsstiftelsen\/wp-content\/uploads\/sites\/3\/2016\/08\/Rudberg_sv-800x1200.jpg 800w, https:\/\/www.lundbergsstiftelserna.se\/forskningsstiftelsen\/wp-content\/uploads\/sites\/3\/2016\/08\/Rudberg_sv-1200x1800.jpg 1200w\" sizes=\"(max-width: 800px) 100vw, 400px\" \/><\/span><\/div><div class=\"fusion-clearfix\"><\/div><\/div><\/div><div class=\"fusion-layout-column fusion_builder_column fusion-builder-column-12 fusion_builder_column_1_1 1_1 fusion-one-full fusion-column-first fusion-column-last fusion-column-no-min-height\" style=\"--awb-bg-size:cover;--awb-margin-bottom:0px;\"><div class=\"fusion-column-wrapper fusion-flex-column-wrapper-legacy\"><div class=\"fusion-sep-clear\"><\/div><div class=\"fusion-separator fusion-full-width-sep\" style=\"margin-left: auto;margin-right: auto;margin-top:30px;width:100%;\"><\/div><div class=\"fusion-sep-clear\"><\/div><div class=\"fusion-clearfix\"><\/div><\/div><\/div><div class=\"fusion-layout-column fusion_builder_column fusion-builder-column-13 fusion_builder_column_2_3 2_3 fusion-two-third fusion-column-first no-margin-mobile\" style=\"--awb-bg-size:cover;--awb-margin-bottom:30px;width:65.3333%; margin-right: 4%;\"><div class=\"fusion-column-wrapper fusion-flex-column-wrapper-legacy\"><div class=\"fusion-title title fusion-title-8 fusion-sep-none fusion-title-text fusion-title-size-two\" style=\"--awb-margin-bottom:0px;\"><h2 class=\"fusion-title-heading title-heading-left fusion-responsive-typography-calculated\" style=\"margin:0;--fontSize:30;line-height:1.5;\">Lundbergsprofessuren i digital bild och medieteknik\u00a0 &#8211;\u00a0 1998-2007<\/h2><\/div><div class=\"fusion-clearfix\"><\/div><\/div><\/div><div class=\"fusion-layout-column fusion_builder_column fusion-builder-column-14 fusion_builder_column_1_3 1_3 fusion-one-third fusion-column-last no-margin-mobile\" style=\"--awb-bg-size:cover;--awb-margin-bottom:15px;width:30.6666%;\"><div class=\"fusion-column-wrapper fusion-flex-column-wrapper-legacy\"><div class=\"fusion-clearfix\"><\/div><\/div><\/div><div class=\"fusion-layout-column fusion_builder_column fusion-builder-column-15 fusion_builder_column_2_3 2_3 fusion-two-third fusion-column-first\" style=\"--awb-bg-size:cover;width:65.3333%; margin-right: 4%;\"><div class=\"fusion-column-wrapper fusion-flex-column-wrapper-legacy\"><div class=\"fusion-title title fusion-title-9 fusion-sep-none fusion-title-text fusion-title-size-two professorship-title-1\" style=\"--awb-margin-bottom:0px;\"><h2 class=\"fusion-title-heading title-heading-left fusion-responsive-typography-calculated\" style=\"margin:0;--fontSize:30;line-height:1.5;\">Bj\u00f6rn Kruse<\/h2><\/div><div class=\"fusion-title title fusion-title-10 fusion-sep-none fusion-title-text fusion-title-size-three professorship-title-2\"><h3 class=\"fusion-title-heading title-heading-left fusion-responsive-typography-calculated\" style=\"margin:0;--fontSize:22;--minFontSize:22;line-height:1.5;\">Campus Norrk\u00f6ping, Link\u00f6pings universitet<\/h3><\/div><div class=\"fusion-text fusion-text-4\"><p><strong>Bakgrund<\/strong><br \/>\nLars Erik Lundbergs Stiftelse f\u00f6r Forskning och Utbildning har fr.o.m. 1998 t.o.m. 2007 finansierat en nyinr\u00e4ttad professur ben\u00e4mnd &#8221;Lars Erik Lundbergs professur i teknik och naturvetenskap&#8221; med den s\u00e4rskilda inriktningen &#8221;Digital bild- och medieteknik&#8221;. Professuren inr\u00e4ttades vid tillkomsten av universitetets utvidgning och satsning p\u00e5 ett nytt universitetscampus i Norrk\u00f6ping.<\/p>\n<p>Stiftelsen\u00a0f\u00f6rband sig att finansiera n\u00e4mnd professur samt en d\u00e4rmed f\u00f6rbunden doktorandtj\u00e4nst inom professurens \u00e4mne under tio \u00e5r med initialt 1,4\u00a0och senare\u00a01,5 miljoner kronor per tolvm\u00e5nadersperiod. Totalt har finansieringen uppg\u00e5tt till 14,4 miljoner kronor.<\/p>\n<p>Lundbergprofessuren har varit och \u00e4r alltj\u00e4mt mycket viktig f\u00f6r Campus Norrk\u00f6pings finansiering b\u00e5de ur utbildnings- och forskningsperspektiv.<\/p>\n<p><strong>Utbildning<\/strong><br \/>\nBj\u00f6rn Kruse har lett utvecklingen av en ny civilingenj\u00f6rsutbildning, medieteknik, inom Link\u00f6pings universitet med f\u00f6rl\u00e4ggning i Norrk\u00f6ping.<\/p>\n<p>Resultatet blev en attraktiv utbildning med en v\u00e4lavv\u00e4gd kombination av teknik och naturvetenskap med starka designinslag och en projektorienterad undervisningspedagogik. Utbildningen var den f\u00f6rsta inom sitt slag i Sverige och har blivit mycket framg\u00e5ngsrik.<\/p>\n<p>N\u00e5gra exempel p\u00e5 teknikomr\u00e5den \u00e4r: Grafisk design, Ljudteknologi, Bildbehandling, Datorgrafik, Vetenskaplig Visualisering och Virtuell verklighet.<br \/>\n<strong><br \/>\nForskning<\/strong><br \/>\nParallellt med uppbyggnaden av undervisningen har forskningsomr\u00e5det under professuren byggts upp.<\/p>\n<p>Forskningen inom Lundbergsprofessuren har inriktats mot till\u00e4mpningsomr\u00e5det bildreproduktion, bildkvalitet med speciellt fokus p\u00e5 f\u00e4rg\u00e5tergivning och grafisk produktion samt pappersrelaterade fr\u00e5gest\u00e4llningar f\u00f6r tryckkvalitet.<\/p>\n<p>Forskningen har bedrivits i samarbete med kollegor inom andra h\u00f6gskolor och forskningsinstitut. Ett antal doktorer och licentiater har utbildats och examinerats inom Lundbergsprofessurens omr\u00e5de.<\/p>\n<p>Finansieringsansvaret \u00f6vergick till Link\u00f6pings Universitet fr.o.m. 1 januari 2008.<\/p>\n<\/div><div class=\"fusion-clearfix\"><\/div><\/div><\/div><div class=\"fusion-layout-column fusion_builder_column fusion-builder-column-16 fusion_builder_column_1_3 1_3 fusion-one-third fusion-column-last image-box\" style=\"--awb-bg-size:cover;width:30.6666%;\"><div class=\"fusion-column-wrapper fusion-flex-column-wrapper-legacy\"><div class=\"fusion-image-element in-legacy-container\" style=\"--awb-caption-title-font-family:var(--h2_typography-font-family);--awb-caption-title-font-weight:var(--h2_typography-font-weight);--awb-caption-title-font-style:var(--h2_typography-font-style);--awb-caption-title-size:var(--h2_typography-font-size);--awb-caption-title-transform:var(--h2_typography-text-transform);--awb-caption-title-line-height:var(--h2_typography-line-height);--awb-caption-title-letter-spacing:var(--h2_typography-letter-spacing);\"><span class=\" fusion-imageframe imageframe-none imageframe-3 hover-type-none\"><img decoding=\"async\" width=\"819\" height=\"1024\" title=\"kruse_sv\" src=\"https:\/\/www.lundbergsstiftelserna.se\/forskningsstiftelsen\/wp-content\/uploads\/sites\/3\/2016\/08\/Kruse_sv-819x1024.jpg\" alt class=\"img-responsive wp-image-437\" srcset=\"https:\/\/www.lundbergsstiftelserna.se\/forskningsstiftelsen\/wp-content\/uploads\/sites\/3\/2016\/08\/Kruse_sv-200x250.jpg 200w, https:\/\/www.lundbergsstiftelserna.se\/forskningsstiftelsen\/wp-content\/uploads\/sites\/3\/2016\/08\/Kruse_sv-400x500.jpg 400w, https:\/\/www.lundbergsstiftelserna.se\/forskningsstiftelsen\/wp-content\/uploads\/sites\/3\/2016\/08\/Kruse_sv-600x750.jpg 600w, https:\/\/www.lundbergsstiftelserna.se\/forskningsstiftelsen\/wp-content\/uploads\/sites\/3\/2016\/08\/Kruse_sv-800x1000.jpg 800w, https:\/\/www.lundbergsstiftelserna.se\/forskningsstiftelsen\/wp-content\/uploads\/sites\/3\/2016\/08\/Kruse_sv.jpg 939w\" sizes=\"(max-width: 800px) 100vw, 400px\" \/><\/span><\/div><div class=\"fusion-clearfix\"><\/div><\/div><\/div><\/div><\/div>\n","protected":false},"excerpt":{"rendered":"","protected":false},"author":1,"featured_media":0,"parent":0,"menu_order":0,"comment_status":"closed","ping_status":"closed","template":"","meta":{"footnotes":""},"class_list":["post-17","page","type-page","status-publish","hentry"],"_links":{"self":[{"href":"https:\/\/www.lundbergsstiftelserna.se\/forskningsstiftelsen\/wp-json\/wp\/v2\/pages\/17","targetHints":{"allow":["GET"]}}],"collection":[{"href":"https:\/\/www.lundbergsstiftelserna.se\/forskningsstiftelsen\/wp-json\/wp\/v2\/pages"}],"about":[{"href":"https:\/\/www.lundbergsstiftelserna.se\/forskningsstiftelsen\/wp-json\/wp\/v2\/types\/page"}],"author":[{"embeddable":true,"href":"https:\/\/www.lundbergsstiftelserna.se\/forskningsstiftelsen\/wp-json\/wp\/v2\/users\/1"}],"replies":[{"embeddable":true,"href":"https:\/\/www.lundbergsstiftelserna.se\/forskningsstiftelsen\/wp-json\/wp\/v2\/comments?post=17"}],"version-history":[{"count":41,"href":"https:\/\/www.lundbergsstiftelserna.se\/forskningsstiftelsen\/wp-json\/wp\/v2\/pages\/17\/revisions"}],"predecessor-version":[{"id":992,"href":"https:\/\/www.lundbergsstiftelserna.se\/forskningsstiftelsen\/wp-json\/wp\/v2\/pages\/17\/revisions\/992"}],"wp:attachment":[{"href":"https:\/\/www.lundbergsstiftelserna.se\/forskningsstiftelsen\/wp-json\/wp\/v2\/media?parent=17"}],"curies":[{"name":"wp","href":"https:\/\/api.w.org\/{rel}","templated":true}]}}