{"id":2,"date":"2023-11-30T15:00:26","date_gmt":"2023-11-30T14:00:26","guid":{"rendered":"http:\/\/lundbergsstiftelserna.etendo.se\/forskningsstiftelsen\/?page_id=2"},"modified":"2023-11-30T17:02:17","modified_gmt":"2023-11-30T16:02:17","slug":"exempelsida","status":"publish","type":"page","link":"https:\/\/www.lundbergsstiftelserna.se\/forskningsstiftelsen\/","title":{"rendered":"Start"},"content":{"rendered":"<div class=\"fusion-fullwidth fullwidth-box fusion-builder-row-1 nonhundred-percent-fullwidth non-hundred-percent-height-scrolling\" style=\"--awb-background-position:left top;--awb-border-sizes-top:0px;--awb-border-sizes-bottom:0px;--awb-border-sizes-left:0px;--awb-border-sizes-right:0px;--awb-border-radius-top-left:0px;--awb-border-radius-top-right:0px;--awb-border-radius-bottom-right:0px;--awb-border-radius-bottom-left:0px;--awb-padding-top:20px;--awb-padding-bottom:20px;--awb-flex-wrap:wrap;\" id=\"intro\" ><div class=\"fusion-builder-row fusion-row\"><div class=\"fusion-layout-column fusion_builder_column fusion-builder-column-0 fusion_builder_column_2_3 2_3 fusion-two-third fusion-column-first\" style=\"--awb-bg-size:cover;--awb-margin-bottom:60px;width:65.3333%; margin-right: 4%;\"><div class=\"fusion-column-wrapper fusion-flex-column-wrapper-legacy\"><div class=\"fusion-title title fusion-title-1 fusion-sep-none fusion-title-text fusion-title-size-two pre-title\" style=\"--awb-margin-bottom:0px;\"><h2 class=\"fusion-title-heading title-heading-left fusion-responsive-typography-calculated\" style=\"margin:0;--fontSize:30;line-height:1.5;\">V\u00e4lkommen till<\/h2><\/div><div class=\"fusion-title title fusion-title-2 fusion-sep-none fusion-title-text fusion-title-size-one part-title\" style=\"--awb-margin-bottom:20px;\"><h1 class=\"fusion-title-heading title-heading-left fusion-responsive-typography-calculated\" style=\"margin:0;--fontSize:36;line-height:1.4;\">Lars Erik Lundbergs Stiftelse f\u00f6r forskning och utbildning<\/h1><\/div><div class=\"fusion-text fusion-text-1\"><p>Lars Erik Lundbergs Stiftelse f\u00f6r forskning och utbildning delar ut forskningsanslag till projekt som f\u00f6renar tekniska\/naturvetenskapliga och ekonomiska ansatser och som d\u00e4rvid s\u00e4tter teknikens roll f\u00f6r f\u00f6retags konkurrenskraft i fokus. Omr\u00e5det rymmer f\u00f6retagsekonomisk och tekniskt orienterad forskning som r\u00f6r dynamiken i\u00a0byggandet, utvecklandet och exploaterandet av f\u00f6retags operativa och strategiska kapaciteter.\u00a0Forskning kring\u00a0produktions- och produktutvecklingsprocessen h\u00f6r ocks\u00e5 hemma inom omr\u00e5det, liksom de som r\u00f6r f\u00f6ruts\u00e4ttningarna f\u00f6r ett innovativt klimat, entrepen\u00f6r- och intrapen\u00f6rskap.<\/p>\n<p>Projekt som inneh\u00e5ller distinkta och originella forskningsfr\u00e5gor som framst\u00e5r som hanterbara med de f\u00f6reslagna metoderna har ett f\u00f6rsteg, liksom de projekt som tydligt visar p\u00e5 fr\u00e5n vilken kunskapsplattform de utg\u00e5r och hur de kan f\u00f6ra forskningsfronten fram\u00e5t.<\/p>\n<p>St\u00f6d kan utg\u00e5 till s\u00e5v\u00e4l seniora forskare som postdocs och doktorander och utg\u00e5r normalt f\u00f6r en projekttid om 1-3 \u00e5r. Dock kan finansieringen av doktorandprojekt \u00e4ven utstr\u00e4ckas till att avse en sammanh\u00e5llen fyra\u00e5rsperiod (&#8221;Lars Erik Lundbergs doktorandtj\u00e4nst&#8221;). Ett riktv\u00e4rde f\u00f6r de anslag som beviljas \u00e4r 1-1,5 miljoner kronor per \u00e5r f\u00f6r ett- tv\u00e5-, och tre\u00e5riga projekt och 4 miljoner kronor totalt f\u00f6r ett fyra\u00e5rigt doktorandprojekt.\u00a0 L\u00f6nemedel f\u00f6r f\u00f6rordnad\/anst\u00e4lld professor kan inte finansieras via projektanslaget, d\u00e4remot l\u00f6nemedel f\u00f6r bitr\u00e4dande professor samt professor emeritus.<\/p>\n<p>Vanligtvis beviljas tv\u00e5 till fyra projekt varje \u00e5r.<\/p>\n<\/div><div class=\"fusion-sep-clear\"><\/div><div class=\"fusion-separator fusion-full-width-sep\" style=\"margin-left: auto;margin-right: auto;margin-top:15px;width:100%;\"><\/div><div class=\"fusion-sep-clear\"><\/div><div class=\"fusion-button-wrapper\"><a class=\"fusion-button button-flat fusion-button-default-size button-default fusion-button-default button-1 fusion-button-default-span fusion-button-default-type\" target=\"_self\" href=\"\/forskningsstiftelsen\/ansokan\"><span class=\"fusion-button-text awb-button__text awb-button__text--default\">L\u00e4s mer om ans\u00f6kan h\u00e4r<\/span><\/a><\/div><div class=\"fusion-clearfix\"><\/div><\/div><\/div><div class=\"fusion-layout-column fusion_builder_column fusion-builder-column-1 fusion_builder_column_1_3 1_3 fusion-one-third fusion-column-last\" style=\"--awb-bg-size:cover;width:30.6666%;\"><div class=\"fusion-column-wrapper fusion-flex-column-wrapper-legacy\"><div class=\"fusion-title title fusion-title-3 fusion-sep-none fusion-title-text fusion-title-size-three\" style=\"--awb-text-color:#ffffff;--awb-margin-bottom:0px;\" id=\"recent-news-title\"><h3 class=\"fusion-title-heading title-heading-left fusion-responsive-typography-calculated\" style=\"margin:0;--fontSize:22;--minFontSize:22;line-height:1.5;\">Senaste nyheterna<\/h3><\/div><div class=\"fusion-recent-posts fusion-recent-posts-1 avada-container layout-default layout-columns-1\"><section class=\"fusion-columns columns fusion-columns-1 columns-1\"><article class=\"post fusion-column column col col-lg-12 col-md-12 col-sm-12\"><div class=\"recent-posts-content\"><span class=\"vcard\" style=\"display: none;\"><span class=\"fn\"><a href=\"https:\/\/www.lundbergsstiftelserna.se\/forskningsstiftelsen\/author\/marie\/\" title=\"Inl\u00e4gg av marie\" rel=\"author\">marie<\/a><\/span><\/span><span class=\"updated\" style=\"display:none;\">2025-12-17T14:25:14+01:00<\/span><h4 class=\"entry-title\"><a href=\"https:\/\/www.lundbergsstiftelserna.se\/forskningsstiftelsen\/2025\/12\/17\/snart-oppnar-2026-ars-ansokningsperiod\/\">Snart \u00f6ppnar 2026 \u00e5rs ans\u00f6kningsperiod<\/a><\/h4><p class=\"meta\"><span class=\"vcard\" style=\"display: none;\"><span class=\"fn\"><a href=\"https:\/\/www.lundbergsstiftelserna.se\/forskningsstiftelsen\/author\/marie\/\" title=\"Inl\u00e4gg av marie\" rel=\"author\">marie<\/a><\/span><\/span><span class=\"updated\" style=\"display:none;\">2025-12-17T14:25:14+01:00<\/span><span>2025-12-17<\/span><span class=\"fusion-inline-sep\">|<\/span><span class=\"fusion-comments\"><a href=\"https:\/\/www.lundbergsstiftelserna.se\/forskningsstiftelsen\/2025\/12\/17\/snart-oppnar-2026-ars-ansokningsperiod\/#respond\">0 Comments<\/a><\/span><\/p><p>Det \u00e4r snart dags att ans\u00f6ka om projektst\u00f6d till forskning inom omr\u00e5dena f\u00f6retagsledning och teknisk [...]<\/p><\/div><\/article><article class=\"post fusion-column column col col-lg-12 col-md-12 col-sm-12\"><div class=\"recent-posts-content\"><span class=\"vcard\" style=\"display: none;\"><span class=\"fn\"><a href=\"https:\/\/www.lundbergsstiftelserna.se\/forskningsstiftelsen\/author\/marie\/\" title=\"Inl\u00e4gg av marie\" rel=\"author\">marie<\/a><\/span><\/span><span class=\"updated\" style=\"display:none;\">2025-05-06T15:29:09+02:00<\/span><h4 class=\"entry-title\"><a href=\"https:\/\/www.lundbergsstiftelserna.se\/forskningsstiftelsen\/2025\/05\/06\/2025-ars-projektstodsmottagare\/\">2025 \u00e5rs projektst\u00f6dsmottagare<\/a><\/h4><p class=\"meta\"><span class=\"vcard\" style=\"display: none;\"><span class=\"fn\"><a href=\"https:\/\/www.lundbergsstiftelserna.se\/forskningsstiftelsen\/author\/marie\/\" title=\"Inl\u00e4gg av marie\" rel=\"author\">marie<\/a><\/span><\/span><span class=\"updated\" style=\"display:none;\">2025-05-06T15:29:09+02:00<\/span><span>2025-05-06<\/span><span class=\"fusion-inline-sep\">|<\/span><span class=\"fusion-comments\"><a href=\"https:\/\/www.lundbergsstiftelserna.se\/forskningsstiftelsen\/2025\/05\/06\/2025-ars-projektstodsmottagare\/#respond\">0 Comments<\/a><\/span><\/p><p>Lars Erik Lundbergs stiftelse f\u00f6r forskning och utbildning har vid sitt sammantr\u00e4de den 31 mars [...]<\/p><\/div><\/article><article class=\"post fusion-column column col col-lg-12 col-md-12 col-sm-12\"><div class=\"recent-posts-content\"><span class=\"vcard\" style=\"display: none;\"><span class=\"fn\"><a href=\"https:\/\/www.lundbergsstiftelserna.se\/forskningsstiftelsen\/author\/marie\/\" title=\"Inl\u00e4gg av marie\" rel=\"author\">marie<\/a><\/span><\/span><span class=\"updated\" style=\"display:none;\">2024-12-10T14:55:57+01:00<\/span><h4 class=\"entry-title\"><a href=\"https:\/\/www.lundbergsstiftelserna.se\/forskningsstiftelsen\/2024\/12\/10\/snart-oppnar-2025-ars-ansokningsperiod\/\">Snart \u00f6ppnar 2025 \u00e5rs ans\u00f6kningsperiod<\/a><\/h4><p class=\"meta\"><span class=\"vcard\" style=\"display: none;\"><span class=\"fn\"><a href=\"https:\/\/www.lundbergsstiftelserna.se\/forskningsstiftelsen\/author\/marie\/\" title=\"Inl\u00e4gg av marie\" rel=\"author\">marie<\/a><\/span><\/span><span class=\"updated\" style=\"display:none;\">2024-12-10T14:55:57+01:00<\/span><span>2024-12-10<\/span><span class=\"fusion-inline-sep\">|<\/span><span class=\"fusion-comments\"><a href=\"https:\/\/www.lundbergsstiftelserna.se\/forskningsstiftelsen\/2024\/12\/10\/snart-oppnar-2025-ars-ansokningsperiod\/#respond\">0 Comments<\/a><\/span><\/p><p>Det \u00e4r snart dags att ans\u00f6ka om projektst\u00f6d till forskning inom omr\u00e5dena f\u00f6retagsledning och teknisk [...]<\/p><\/div><\/article><\/section><\/div><div class=\"fusion-clearfix\"><\/div><\/div><\/div><\/div><\/div>\n","protected":false},"excerpt":{"rendered":"","protected":false},"author":1,"featured_media":0,"parent":0,"menu_order":0,"comment_status":"closed","ping_status":"open","template":"","meta":{"footnotes":""},"class_list":["post-2","page","type-page","status-publish","hentry"],"_links":{"self":[{"href":"https:\/\/www.lundbergsstiftelserna.se\/forskningsstiftelsen\/wp-json\/wp\/v2\/pages\/2","targetHints":{"allow":["GET"]}}],"collection":[{"href":"https:\/\/www.lundbergsstiftelserna.se\/forskningsstiftelsen\/wp-json\/wp\/v2\/pages"}],"about":[{"href":"https:\/\/www.lundbergsstiftelserna.se\/forskningsstiftelsen\/wp-json\/wp\/v2\/types\/page"}],"author":[{"embeddable":true,"href":"https:\/\/www.lundbergsstiftelserna.se\/forskningsstiftelsen\/wp-json\/wp\/v2\/users\/1"}],"replies":[{"embeddable":true,"href":"https:\/\/www.lundbergsstiftelserna.se\/forskningsstiftelsen\/wp-json\/wp\/v2\/comments?post=2"}],"version-history":[{"count":24,"href":"https:\/\/www.lundbergsstiftelserna.se\/forskningsstiftelsen\/wp-json\/wp\/v2\/pages\/2\/revisions"}],"predecessor-version":[{"id":1230,"href":"https:\/\/www.lundbergsstiftelserna.se\/forskningsstiftelsen\/wp-json\/wp\/v2\/pages\/2\/revisions\/1230"}],"wp:attachment":[{"href":"https:\/\/www.lundbergsstiftelserna.se\/forskningsstiftelsen\/wp-json\/wp\/v2\/media?parent=2"}],"curies":[{"name":"wp","href":"https:\/\/api.w.org\/{rel}","templated":true}]}}