{"id":204,"date":"2021-11-24T13:54:53","date_gmt":"2021-11-24T12:54:53","guid":{"rendered":"http:\/\/lundbergsstiftelserna.etendo.se\/forskningsstiftelsen\/?page_id=204&#038;lang=en"},"modified":"2023-11-30T08:57:50","modified_gmt":"2023-11-30T07:57:50","slug":"start","status":"publish","type":"page","link":"https:\/\/www.lundbergsstiftelserna.se\/forskningsstiftelsen\/start\/?lang=en","title":{"rendered":"Start"},"content":{"rendered":"<div class=\"fusion-fullwidth fullwidth-box fusion-builder-row-1 nonhundred-percent-fullwidth non-hundred-percent-height-scrolling\" style=\"--awb-background-position:left top;--awb-border-sizes-top:0px;--awb-border-sizes-bottom:0px;--awb-border-sizes-left:0px;--awb-border-sizes-right:0px;--awb-border-radius-top-left:0px;--awb-border-radius-top-right:0px;--awb-border-radius-bottom-right:0px;--awb-border-radius-bottom-left:0px;--awb-padding-top:20px;--awb-padding-bottom:20px;--awb-flex-wrap:wrap;\" id=\"intro\" ><div class=\"fusion-builder-row fusion-row\"><div class=\"fusion-layout-column fusion_builder_column fusion-builder-column-0 fusion_builder_column_2_3 2_3 fusion-two-third fusion-column-first\" style=\"--awb-bg-size:cover;--awb-margin-bottom:60px;width:65.3333%; margin-right: 4%;\"><div class=\"fusion-column-wrapper fusion-flex-column-wrapper-legacy\"><div class=\"fusion-title title fusion-title-1 fusion-sep-none fusion-title-text fusion-title-size-two pre-title\" style=\"--awb-margin-bottom:0px;\"><h2 class=\"fusion-title-heading title-heading-left fusion-responsive-typography-calculated\" style=\"margin:0;--fontSize:30;line-height:1.5;\">Welcome to\u00a0the<\/h2><\/div><div class=\"fusion-title title fusion-title-2 fusion-sep-none fusion-title-text fusion-title-size-one part-title\" style=\"--awb-margin-bottom:20px;\"><h1 class=\"fusion-title-heading title-heading-left fusion-responsive-typography-calculated\" style=\"margin:0;--fontSize:36;line-height:1.4;\">Lars Erik Lundberg Foundation for Research and Education<\/h1><\/div><div class=\"fusion-text fusion-text-1\"><p>The Lars Erik Lundberg Foundation for Research and Education supports projects that bring together the fields of engineering\/natural science and economic disciplines and thereby focus on the role of technology for the competitiveness of enterprises. This area includes research with a business administration and technology orientation that addresses the dynamics in the building and exploiting of the operational and strategic capabilities of businesses. Projects involving research on production and product development processes also fit into this area, as do projects relating to the conditions which are fundamental for innovative business climates, entrepreneurship and intrapreneurship.<\/p>\n<p>Projects that hold distinct and novel research questions that also appear to be answerable with the proposed research methods have precedence, as do the projects that clearly identify the knowledge platform on which they are based, and how they can be expected to move the research front forward.<\/p>\n<p>Grants can be paid to senior researchers, as well as postdocs and\u00a0PhD students. Support is normally issued for a project period of 1-3 years.\u00a0However, the funding of doctoral projects can also be extended to cover a continuous four-year period (&#8221;Lars Erik Lundberg&#8217;s PhD position&#8221;). A guideline for the amount granted is 1-1.5 million SEK per year for one, two and three-year projects and 4 million SEK in total for a four-year doctoral project. Salaries of appointed\/employed professors are not financed by the project grant, but associate professors (\u201cbitr\u00e4dande professor\u201d) and emeritus professors can be financed that way.<\/p>\n<p>All applications regardless of time span must follow the instructions for stage 1 and stage 2.<\/p>\n<p>Usually\u00a0around two to four research projects are granted\u00a0funding each year.<\/p>\n<\/div><div class=\"fusion-sep-clear\"><\/div><div class=\"fusion-separator fusion-full-width-sep\" style=\"margin-left: auto;margin-right: auto;margin-top:15px;width:100%;\"><\/div><div class=\"fusion-sep-clear\"><\/div><div class=\"fusion-button-wrapper\"><a class=\"fusion-button button-flat fusion-button-default-size button-default fusion-button-default button-1 fusion-button-default-span fusion-button-default-type\" target=\"_self\" href=\"\/forskningsstiftelsen\/application\/?lang=en\"><span class=\"fusion-button-text awb-button__text awb-button__text--default\">How to apply<\/span><\/a><\/div><div class=\"fusion-clearfix\"><\/div><\/div><\/div><div class=\"fusion-layout-column fusion_builder_column fusion-builder-column-1 fusion_builder_column_1_3 1_3 fusion-one-third fusion-column-last\" style=\"--awb-bg-size:cover;width:30.6666%;\"><div class=\"fusion-column-wrapper fusion-flex-column-wrapper-legacy\"><div class=\"fusion-title title fusion-title-3 fusion-sep-none fusion-title-text fusion-title-size-three\" style=\"--awb-text-color:#ffffff;--awb-margin-bottom:0px;\" id=\"recent-news-title\"><h3 class=\"fusion-title-heading title-heading-left fusion-responsive-typography-calculated\" style=\"margin:0;--fontSize:22;--minFontSize:22;line-height:1.5;\">Most recent news<\/h3><\/div><div class=\"fusion-recent-posts fusion-recent-posts-1 avada-container layout-default layout-columns-1\"><section class=\"fusion-columns columns fusion-columns-1 columns-1\"><article class=\"post fusion-column column col col-lg-12 col-md-12 col-sm-12\"><div class=\"recent-posts-content\"><span class=\"vcard\" style=\"display: none;\"><span class=\"fn\"><a href=\"https:\/\/www.lundbergsstiftelserna.se\/forskningsstiftelsen\/author\/marie\/\" title=\"Inl\u00e4gg av marie\" rel=\"author\">marie<\/a><\/span><\/span><span class=\"updated\" style=\"display:none;\">2026-04-28T11:19:19+02:00<\/span><h4 class=\"entry-title\"><a href=\"https:\/\/www.lundbergsstiftelserna.se\/forskningsstiftelsen\/2026\/04\/28\/2026-ars-projektstodsmottagare\/\">2026 \u00e5rs projektst\u00f6dsmottagare<\/a><\/h4><p class=\"meta\"><span class=\"vcard\" style=\"display: none;\"><span class=\"fn\"><a href=\"https:\/\/www.lundbergsstiftelserna.se\/forskningsstiftelsen\/author\/marie\/\" title=\"Inl\u00e4gg av marie\" rel=\"author\">marie<\/a><\/span><\/span><span class=\"updated\" style=\"display:none;\">2026-04-28T11:19:19+02:00<\/span><span>2026-04-28<\/span><span class=\"fusion-inline-sep\">|<\/span><span class=\"fusion-comments\"><a href=\"https:\/\/www.lundbergsstiftelserna.se\/forskningsstiftelsen\/2026\/04\/28\/2026-ars-projektstodsmottagare\/#respond\">0 Comments<\/a><\/span><\/p><p>Lars Erik Lundbergs stiftelse f\u00f6r forskning och utbildning har vid sitt sammantr\u00e4de den 17 april [...]<\/p><\/div><\/article><article class=\"post fusion-column column col col-lg-12 col-md-12 col-sm-12\"><div class=\"recent-posts-content\"><span class=\"vcard\" style=\"display: none;\"><span class=\"fn\"><a href=\"https:\/\/www.lundbergsstiftelserna.se\/forskningsstiftelsen\/author\/marie\/\" title=\"Inl\u00e4gg av marie\" rel=\"author\">marie<\/a><\/span><\/span><span class=\"updated\" style=\"display:none;\">2025-12-17T14:25:14+01:00<\/span><h4 class=\"entry-title\"><a href=\"https:\/\/www.lundbergsstiftelserna.se\/forskningsstiftelsen\/2025\/12\/17\/snart-oppnar-2026-ars-ansokningsperiod\/\">Snart \u00f6ppnar 2026 \u00e5rs ans\u00f6kningsperiod<\/a><\/h4><p class=\"meta\"><span class=\"vcard\" style=\"display: none;\"><span class=\"fn\"><a href=\"https:\/\/www.lundbergsstiftelserna.se\/forskningsstiftelsen\/author\/marie\/\" title=\"Inl\u00e4gg av marie\" rel=\"author\">marie<\/a><\/span><\/span><span class=\"updated\" style=\"display:none;\">2025-12-17T14:25:14+01:00<\/span><span>2025-12-17<\/span><span class=\"fusion-inline-sep\">|<\/span><span class=\"fusion-comments\"><a href=\"https:\/\/www.lundbergsstiftelserna.se\/forskningsstiftelsen\/2025\/12\/17\/snart-oppnar-2026-ars-ansokningsperiod\/#respond\">0 Comments<\/a><\/span><\/p><p>Det \u00e4r snart dags att ans\u00f6ka om projektst\u00f6d till forskning inom omr\u00e5dena f\u00f6retagsledning och teknisk [...]<\/p><\/div><\/article><article class=\"post fusion-column column col col-lg-12 col-md-12 col-sm-12\"><div class=\"recent-posts-content\"><span class=\"vcard\" style=\"display: none;\"><span class=\"fn\"><a href=\"https:\/\/www.lundbergsstiftelserna.se\/forskningsstiftelsen\/author\/marie\/\" title=\"Inl\u00e4gg av marie\" rel=\"author\">marie<\/a><\/span><\/span><span class=\"updated\" style=\"display:none;\">2025-05-06T15:29:09+02:00<\/span><h4 class=\"entry-title\"><a href=\"https:\/\/www.lundbergsstiftelserna.se\/forskningsstiftelsen\/2025\/05\/06\/2025-ars-projektstodsmottagare\/\">2025 \u00e5rs projektst\u00f6dsmottagare<\/a><\/h4><p class=\"meta\"><span class=\"vcard\" style=\"display: none;\"><span class=\"fn\"><a href=\"https:\/\/www.lundbergsstiftelserna.se\/forskningsstiftelsen\/author\/marie\/\" title=\"Inl\u00e4gg av marie\" rel=\"author\">marie<\/a><\/span><\/span><span class=\"updated\" style=\"display:none;\">2025-05-06T15:29:09+02:00<\/span><span>2025-05-06<\/span><span class=\"fusion-inline-sep\">|<\/span><span class=\"fusion-comments\"><a href=\"https:\/\/www.lundbergsstiftelserna.se\/forskningsstiftelsen\/2025\/05\/06\/2025-ars-projektstodsmottagare\/#respond\">0 Comments<\/a><\/span><\/p><p>Lars Erik Lundbergs stiftelse f\u00f6r forskning och utbildning har vid sitt sammantr\u00e4de den 31 mars [...]<\/p><\/div><\/article><\/section><\/div><div class=\"fusion-clearfix\"><\/div><\/div><\/div><\/div><\/div>\n","protected":false},"excerpt":{"rendered":"","protected":false},"author":1,"featured_media":0,"parent":0,"menu_order":0,"comment_status":"closed","ping_status":"open","template":"","meta":{"footnotes":""},"class_list":["post-204","page","type-page","status-publish","hentry"],"_links":{"self":[{"href":"https:\/\/www.lundbergsstiftelserna.se\/forskningsstiftelsen\/wp-json\/wp\/v2\/pages\/204","targetHints":{"allow":["GET"]}}],"collection":[{"href":"https:\/\/www.lundbergsstiftelserna.se\/forskningsstiftelsen\/wp-json\/wp\/v2\/pages"}],"about":[{"href":"https:\/\/www.lundbergsstiftelserna.se\/forskningsstiftelsen\/wp-json\/wp\/v2\/types\/page"}],"author":[{"embeddable":true,"href":"https:\/\/www.lundbergsstiftelserna.se\/forskningsstiftelsen\/wp-json\/wp\/v2\/users\/1"}],"replies":[{"embeddable":true,"href":"https:\/\/www.lundbergsstiftelserna.se\/forskningsstiftelsen\/wp-json\/wp\/v2\/comments?post=204"}],"version-history":[{"count":10,"href":"https:\/\/www.lundbergsstiftelserna.se\/forskningsstiftelsen\/wp-json\/wp\/v2\/pages\/204\/revisions"}],"predecessor-version":[{"id":1205,"href":"https:\/\/www.lundbergsstiftelserna.se\/forskningsstiftelsen\/wp-json\/wp\/v2\/pages\/204\/revisions\/1205"}],"wp:attachment":[{"href":"https:\/\/www.lundbergsstiftelserna.se\/forskningsstiftelsen\/wp-json\/wp\/v2\/media?parent=204"}],"curies":[{"name":"wp","href":"https:\/\/api.w.org\/{rel}","templated":true}]}}