{"id":21,"date":"2016-08-22T10:18:03","date_gmt":"2016-08-22T08:18:03","guid":{"rendered":"http:\/\/lundbergsstiftelserna.etendo.se\/forskningsstiftelsen\/?page_id=21"},"modified":"2021-04-12T10:03:01","modified_gmt":"2021-04-12T08:03:01","slug":"boken-om-stiftelsen","status":"publish","type":"page","link":"https:\/\/www.lundbergsstiftelserna.se\/forskningsstiftelsen\/boken-om-stiftelsen\/","title":{"rendered":"Boken om stiftelsen"},"content":{"rendered":"<div class=\"fusion-fullwidth fullwidth-box fusion-builder-row-1 nonhundred-percent-fullwidth non-hundred-percent-height-scrolling\" style=\"--awb-background-position:left top;--awb-border-radius-top-left:0px;--awb-border-radius-top-right:0px;--awb-border-radius-bottom-right:0px;--awb-border-radius-bottom-left:0px;--awb-padding-top:20px;--awb-padding-bottom:20px;--awb-border-sizes-top:0px;--awb-border-sizes-bottom:0px;--awb-flex-wrap:wrap;\" ><div class=\"fusion-builder-row fusion-row\"><div class=\"fusion-layout-column fusion_builder_column fusion-builder-column-0 fusion_builder_column_1_1 1_1 fusion-one-full fusion-column-first fusion-column-last fusion-column-no-min-height\" style=\"--awb-bg-size:cover;--awb-margin-bottom:0px;\"><div class=\"fusion-column-wrapper fusion-flex-column-wrapper-legacy\"><div class=\"fusion-sep-clear\"><\/div><div class=\"fusion-separator fusion-full-width-sep page-margin-top\" style=\"margin-left: auto;margin-right: auto;margin-top:150px;width:100%;\"><\/div><div class=\"fusion-sep-clear\"><\/div><div class=\"fusion-clearfix\"><\/div><\/div><\/div><div class=\"fusion-layout-column fusion_builder_column fusion-builder-column-1 fusion_builder_column_2_3 2_3 fusion-two-third fusion-column-first page-text-box\" style=\"--awb-bg-size:cover;width:65.3333%; margin-right: 4%;\"><div class=\"fusion-column-wrapper fusion-flex-column-wrapper-legacy\"><div class=\"fusion-title title fusion-title-1 sep-underline sep-solid fusion-title-text fusion-title-size-one\" style=\"--awb-sep-color:#1b1b1b;\"><h1 class=\"fusion-title-heading title-heading-left fusion-responsive-typography-calculated\" style=\"margin:0;--fontSize:36;line-height:1.4;\">Boken om stiftelsen<\/h1><\/div><div class=\"fusion-text fusion-text-1\"><p align=\"LEFT\"><strong class=\"uppercase-intro\">I samband med att Lars Erik Lundbergs\u00a0Stiftelse f\u00f6r forskning och utbildning\u00a0<\/strong>\u00e5r 2016 firade att 20 \u00e5r passerat\u00a0sedan grundandet, s\u00e5 l\u00e4t styrelsen ta fram en bok om stiftelsen och dess verksamhet under denna tid.<\/p>\n<p align=\"LEFT\">Sedan 1996 har n\u00e4ra femtio stycken forskningsprojekt kunnat f\u00f6rverkligas tack vare finansiering fr\u00e5n stiftelsen. I denna jubileumsskrift ges b\u00e5de en n\u00e4rmare inblick i dess verksamhet och en samlad bild av vilken betydelse stiftelsen haft b\u00e5de inom och utanf\u00f6r akademins ramar.<\/p>\n<p align=\"LEFT\">Med Lars Erik Lundbergs ursprungliga tankar och ambitioner som utg\u00e5ngspunkt beskrivs \u00e4ven stiftelsens och professurens utveckling samt ett tiotal forskningsprojekt som sorterats efter n\u00e5gra av de teman som stiftelsen valt att fokusera p\u00e5.<\/p>\n<\/div><div class=\"fusion-sep-clear\"><\/div><div class=\"fusion-separator fusion-full-width-sep\" style=\"margin-left: auto;margin-right: auto;margin-top:30px;width:100%;\"><\/div><div class=\"fusion-sep-clear\"><\/div><div class=\"fusion-button-wrapper\"><a class=\"fusion-button button-flat fusion-button-default-size button-default fusion-button-default button-1 fusion-button-default-span fusion-button-default-type\" target=\"_blank\" rel=\"noopener noreferrer\" href=\"\/forskningsstiftelsen\/wp-content\/uploads\/sites\/3\/2016\/09\/lars-erik-lundbergs-stiftelse-for-forskning-och-utbildning.pdf\"><span class=\"fusion-button-text awb-button__text awb-button__text--default\">Ladda ner boken som pdf<\/span><\/a><\/div><div class=\"fusion-clearfix\"><\/div><\/div><\/div><div class=\"fusion-layout-column fusion_builder_column fusion-builder-column-2 fusion_builder_column_1_3 1_3 fusion-one-third fusion-column-last image-box\" style=\"--awb-bg-size:cover;width:30.6666%;\"><div class=\"fusion-column-wrapper fusion-flex-column-wrapper-legacy\"><div class=\"fusion-image-element in-legacy-container\" style=\"--awb-caption-title-font-family:var(--h2_typography-font-family);--awb-caption-title-font-weight:var(--h2_typography-font-weight);--awb-caption-title-font-style:var(--h2_typography-font-style);--awb-caption-title-size:var(--h2_typography-font-size);--awb-caption-title-transform:var(--h2_typography-text-transform);--awb-caption-title-line-height:var(--h2_typography-line-height);--awb-caption-title-letter-spacing:var(--h2_typography-letter-spacing);\"><span class=\" fusion-imageframe imageframe-none imageframe-1 hover-type-none button-no-margin\"><img decoding=\"async\" width=\"1000\" height=\"844\" title=\"boken-om-stiftelsen-forskning\" src=\"https:\/\/www.lundbergsstiftelserna.se\/forskningsstiftelsen\/wp-content\/uploads\/sites\/3\/2016\/08\/boken-om-stiftelsen-forskning.jpg\" alt class=\"img-responsive wp-image-273\" srcset=\"https:\/\/www.lundbergsstiftelserna.se\/forskningsstiftelsen\/wp-content\/uploads\/sites\/3\/2016\/08\/boken-om-stiftelsen-forskning-200x169.jpg 200w, https:\/\/www.lundbergsstiftelserna.se\/forskningsstiftelsen\/wp-content\/uploads\/sites\/3\/2016\/08\/boken-om-stiftelsen-forskning-400x338.jpg 400w, https:\/\/www.lundbergsstiftelserna.se\/forskningsstiftelsen\/wp-content\/uploads\/sites\/3\/2016\/08\/boken-om-stiftelsen-forskning-600x506.jpg 600w, https:\/\/www.lundbergsstiftelserna.se\/forskningsstiftelsen\/wp-content\/uploads\/sites\/3\/2016\/08\/boken-om-stiftelsen-forskning-800x675.jpg 800w, https:\/\/www.lundbergsstiftelserna.se\/forskningsstiftelsen\/wp-content\/uploads\/sites\/3\/2016\/08\/boken-om-stiftelsen-forskning.jpg 1000w\" sizes=\"(max-width: 800px) 100vw, 400px\" \/><\/span><\/div><div class=\"fusion-clearfix\"><\/div><\/div><\/div><\/div><\/div>\n","protected":false},"excerpt":{"rendered":"","protected":false},"author":1,"featured_media":0,"parent":0,"menu_order":0,"comment_status":"closed","ping_status":"closed","template":"","meta":{"footnotes":""},"class_list":["post-21","page","type-page","status-publish","hentry"],"_links":{"self":[{"href":"https:\/\/www.lundbergsstiftelserna.se\/forskningsstiftelsen\/wp-json\/wp\/v2\/pages\/21","targetHints":{"allow":["GET"]}}],"collection":[{"href":"https:\/\/www.lundbergsstiftelserna.se\/forskningsstiftelsen\/wp-json\/wp\/v2\/pages"}],"about":[{"href":"https:\/\/www.lundbergsstiftelserna.se\/forskningsstiftelsen\/wp-json\/wp\/v2\/types\/page"}],"author":[{"embeddable":true,"href":"https:\/\/www.lundbergsstiftelserna.se\/forskningsstiftelsen\/wp-json\/wp\/v2\/users\/1"}],"replies":[{"embeddable":true,"href":"https:\/\/www.lundbergsstiftelserna.se\/forskningsstiftelsen\/wp-json\/wp\/v2\/comments?post=21"}],"version-history":[{"count":15,"href":"https:\/\/www.lundbergsstiftelserna.se\/forskningsstiftelsen\/wp-json\/wp\/v2\/pages\/21\/revisions"}],"predecessor-version":[{"id":1004,"href":"https:\/\/www.lundbergsstiftelserna.se\/forskningsstiftelsen\/wp-json\/wp\/v2\/pages\/21\/revisions\/1004"}],"wp:attachment":[{"href":"https:\/\/www.lundbergsstiftelserna.se\/forskningsstiftelsen\/wp-json\/wp\/v2\/media?parent=21"}],"curies":[{"name":"wp","href":"https:\/\/api.w.org\/{rel}","templated":true}]}}