{"id":9,"date":"2025-03-20T11:00:02","date_gmt":"2025-03-20T10:00:02","guid":{"rendered":"http:\/\/lundbergsstiftelserna.etendo.se\/forskningsstiftelsen\/?page_id=9"},"modified":"2025-03-24T10:40:34","modified_gmt":"2025-03-24T09:40:34","slug":"andamal-och-inriktning","status":"publish","type":"page","link":"https:\/\/www.lundbergsstiftelserna.se\/forskningsstiftelsen\/andamal-och-inriktning\/","title":{"rendered":"\u00c4ndam\u00e5l och inriktning"},"content":{"rendered":"<div class=\"fusion-fullwidth fullwidth-box fusion-builder-row-1 nonhundred-percent-fullwidth non-hundred-percent-height-scrolling\" style=\"--awb-background-position:left top;--awb-border-sizes-top:0px;--awb-border-sizes-bottom:0px;--awb-border-sizes-left:0px;--awb-border-sizes-right:0px;--awb-border-radius-top-left:0px;--awb-border-radius-top-right:0px;--awb-border-radius-bottom-right:0px;--awb-border-radius-bottom-left:0px;--awb-padding-top:20px;--awb-padding-bottom:20px;--awb-flex-wrap:wrap;\" ><div class=\"fusion-builder-row fusion-row\"><div class=\"fusion-layout-column fusion_builder_column fusion-builder-column-0 fusion_builder_column_1_1 1_1 fusion-one-full fusion-column-first fusion-column-last fusion-column-no-min-height\" style=\"--awb-bg-size:cover;--awb-margin-bottom:0px;\"><div class=\"fusion-column-wrapper fusion-flex-column-wrapper-legacy\"><div class=\"fusion-sep-clear\"><\/div><div class=\"fusion-separator fusion-full-width-sep page-margin-top\" style=\"margin-left: auto;margin-right: auto;margin-top:150px;width:100%;\"><\/div><div class=\"fusion-sep-clear\"><\/div><div class=\"fusion-clearfix\"><\/div><\/div><\/div><div class=\"fusion-layout-column fusion_builder_column fusion-builder-column-1 fusion_builder_column_2_3 2_3 fusion-two-third fusion-column-first page-text-box\" style=\"--awb-bg-size:cover;width:65.3333%; margin-right: 4%;\"><div class=\"fusion-column-wrapper fusion-flex-column-wrapper-legacy\"><div class=\"fusion-title title fusion-title-1 sep-underline sep-solid fusion-title-text fusion-title-size-one\" style=\"--awb-sep-color:#1b1b1b;\"><h1 class=\"fusion-title-heading title-heading-left fusion-responsive-typography-calculated\" style=\"margin:0;--fontSize:36;line-height:1.4;\">\u00c4ndam\u00e5l och inriktning<\/h1><\/div><div class=\"fusion-text fusion-text-1\"><p><strong class=\"uppercase-intro\">Enligt stiftelsens stadgar<\/strong> ska dess \u00e4ndam\u00e5l vara att st\u00f6dja vetenskaplig forskning och utbildning inom samh\u00e4llsekonomi, f\u00f6retagsekonomi och teknologi. \u00c4ndam\u00e5let ska i f\u00f6rsta hand fr\u00e4mjas genom\u00a0bidrag till universitet, handelsh\u00f6gskolor och tekniska h\u00f6gskolor i Sverige eller till personer verksamma vid dessa institutioner.<\/p>\n<p>St\u00f6d kan utg\u00e5 till s\u00e5v\u00e4l seniora forskare som postdoc och doktorander och st\u00f6d utg\u00e5r normalt f\u00f6r en projekttid om 1-3 \u00e5r. Dock kan finansieringen av doktorandprojekt \u00e4ven utstr\u00e4ckas till att avse en sammanh\u00e5llen fyra\u00e5rsperiod (\u201dLars Erik Lundbergs doktorandtj\u00e4nst\u201d). Ett riktv\u00e4rde f\u00f6r de anslag som beviljas \u00e4r 1-1.5 miljoner kronor per \u00e5r f\u00f6r ett, tv\u00e5 och tre\u00e5riga projekt och 4 miljoner totalt f\u00f6r ett fyra\u00e5rigt doktorandprojekt. L\u00f6nemedel f\u00f6r f\u00f6rordnad\/anst\u00e4lld professor finansieras inte via projektanslaget, d\u00e4remot l\u00f6nemedel f\u00f6r bitr\u00e4dande professor samt professor emeritus.<\/p>\n<p>Lars Erik Lundbergs Stiftelse f\u00f6r forskning och utbildning st\u00f6der projekt som f\u00f6renar tekniska\/naturvetenskapliga och ekonomiska ansatser och som d\u00e4rvid s\u00e4tter teknikens roll f\u00f6r f\u00f6retags konkurrenskraft i fokus. Omr\u00e5det rymmer f\u00f6retagsekonomisk och tekniskt orienterad forskning som r\u00f6r dynamiken i byggandet, utvecklandet och exploaterandet av f\u00f6retags operativa och strategiska kapaciteter. Forskning kring produktions- och produktutvecklingsprocesser h\u00f6r ocks\u00e5 hemma inom omr\u00e5det, liksom de som r\u00f6r f\u00f6ruts\u00e4ttningarna f\u00f6r ett innovativt klimat, entrepren\u00f6r- och intrapren\u00f6rskap.<\/p>\n<p>Projekt som inneh\u00e5ller tydliga forskningsfr\u00e5gor som ocks\u00e5 framst\u00e5r som besvarbara med de f\u00f6reslagna metoderna har ett f\u00f6rsteg, liksom de projekt som tydligt visar p\u00e5 fr\u00e5n vilken kunskapsplattform de utg\u00e5r. Det \u00e4r ocks\u00e5 en f\u00f6rdel om projektet \u00e4r originellt och kan f\u00f6rv\u00e4ntas f\u00f6ra forskningsfronten fram\u00e5t.<\/p>\n<p>Vanligtvis beviljas cirka tv\u00e5 till fyra forskningsprojekt finansiering varje \u00e5r.*<\/p>\n<p>*) Ca 30-50% av dem som l\u00e4mnar en fullst\u00e4ndig ans\u00f6kan i etapp 2 erh\u00e5ller anslag.<\/p>\n<p>L\u00e4s mer i <strong>BOKEN OM STIFTELSEN<\/strong> f\u00f6r ytterligare information om stiftelsens inriktning och exempel p\u00e5 tidigare forskningsprojekt som stiftelsen finansierat.<\/p>\n<\/div><div class=\"fusion-button-wrapper\"><a class=\"fusion-button button-flat fusion-button-default-size button-default fusion-button-default button-1 fusion-button-default-span fusion-button-default-type\" target=\"_self\" href=\"\/forskningsstiftelsen\/boken-om-stiftelsen\/\"><span class=\"fusion-button-text awb-button__text awb-button__text--default\">Boken om stiftelsen<\/span><\/a><\/div><div class=\"fusion-clearfix\"><\/div><\/div><\/div><div class=\"fusion-layout-column fusion_builder_column fusion-builder-column-2 fusion_builder_column_1_3 1_3 fusion-one-third fusion-column-last image-box\" style=\"--awb-bg-size:cover;width:30.6666%;\"><div class=\"fusion-column-wrapper fusion-flex-column-wrapper-legacy\"><div class=\"fusion-image-element in-legacy-container\" style=\"--awb-caption-title-font-family:var(--h2_typography-font-family);--awb-caption-title-font-weight:var(--h2_typography-font-weight);--awb-caption-title-font-style:var(--h2_typography-font-style);--awb-caption-title-size:var(--h2_typography-font-size);--awb-caption-title-transform:var(--h2_typography-text-transform);--awb-caption-title-line-height:var(--h2_typography-line-height);--awb-caption-title-letter-spacing:var(--h2_typography-letter-spacing);\"><span class=\" fusion-imageframe imageframe-none imageframe-1 hover-type-none\"><img decoding=\"async\" width=\"830\" height=\"1024\" title=\"pile of books\" src=\"https:\/\/www.lundbergsstiftelserna.se\/forskningsstiftelsen\/wp-content\/uploads\/sites\/3\/2016\/08\/2001924_BW-11-830x1024.jpg\" alt class=\"img-responsive wp-image-418\" srcset=\"https:\/\/www.lundbergsstiftelserna.se\/forskningsstiftelsen\/wp-content\/uploads\/sites\/3\/2016\/08\/2001924_BW-11-200x247.jpg 200w, https:\/\/www.lundbergsstiftelserna.se\/forskningsstiftelsen\/wp-content\/uploads\/sites\/3\/2016\/08\/2001924_BW-11-400x494.jpg 400w, https:\/\/www.lundbergsstiftelserna.se\/forskningsstiftelsen\/wp-content\/uploads\/sites\/3\/2016\/08\/2001924_BW-11-600x740.jpg 600w, https:\/\/www.lundbergsstiftelserna.se\/forskningsstiftelsen\/wp-content\/uploads\/sites\/3\/2016\/08\/2001924_BW-11-800x987.jpg 800w, https:\/\/www.lundbergsstiftelserna.se\/forskningsstiftelsen\/wp-content\/uploads\/sites\/3\/2016\/08\/2001924_BW-11-1200x1481.jpg 1200w\" sizes=\"(max-width: 800px) 100vw, 400px\" \/><\/span><\/div><div class=\"fusion-clearfix\"><\/div><\/div><\/div><div class=\"fusion-layout-column fusion_builder_column fusion-builder-column-3 fusion_builder_column_1_1 1_1 fusion-one-full fusion-column-first fusion-column-last\" style=\"--awb-bg-size:cover;\"><div class=\"fusion-column-wrapper fusion-flex-column-wrapper-legacy\"><div class=\"fusion-title title fusion-title-2 fusion-sep-none fusion-title-text fusion-title-size-two\" style=\"--awb-margin-top:30px;\"><h2 class=\"fusion-title-heading title-heading-left fusion-responsive-typography-calculated\" style=\"margin:0;--fontSize:30;line-height:1.5;\">Kapitalets utveckling<\/h2><\/div><div class=\"fusion-text fusion-text-2\"><p>Substansv\u00e4rde samt ackumulerade utbetalda anslag. Stapeln visar mnkr r\u00e4knat per kalender\u00e5r, 31 december.<\/p>\n<p>Den 31 december 2024 uppgick substansv\u00e4rdet till 214,8 mnkr och ackumulerade utbetalda anslag till 120,1 mnkr.<\/p>\n<\/div><div class=\"fusion-image-element in-legacy-container\" style=\"--awb-caption-title-font-family:var(--h2_typography-font-family);--awb-caption-title-font-weight:var(--h2_typography-font-weight);--awb-caption-title-font-style:var(--h2_typography-font-style);--awb-caption-title-size:var(--h2_typography-font-size);--awb-caption-title-transform:var(--h2_typography-text-transform);--awb-caption-title-line-height:var(--h2_typography-line-height);--awb-caption-title-letter-spacing:var(--h2_typography-letter-spacing);\"><span class=\" fusion-imageframe imageframe-none imageframe-2 hover-type-none\"><img decoding=\"async\" width=\"2560\" height=\"1557\" title=\"2024 Forsk Sv\" src=\"https:\/\/www.lundbergsstiftelserna.se\/forskningsstiftelsen\/wp-content\/uploads\/sites\/3\/2025\/03\/2024-Forsk-Sv-scaled.jpg\" alt class=\"img-responsive wp-image-1329\" srcset=\"https:\/\/www.lundbergsstiftelserna.se\/forskningsstiftelsen\/wp-content\/uploads\/sites\/3\/2025\/03\/2024-Forsk-Sv-200x122.jpg 200w, https:\/\/www.lundbergsstiftelserna.se\/forskningsstiftelsen\/wp-content\/uploads\/sites\/3\/2025\/03\/2024-Forsk-Sv-400x243.jpg 400w, https:\/\/www.lundbergsstiftelserna.se\/forskningsstiftelsen\/wp-content\/uploads\/sites\/3\/2025\/03\/2024-Forsk-Sv-600x365.jpg 600w, https:\/\/www.lundbergsstiftelserna.se\/forskningsstiftelsen\/wp-content\/uploads\/sites\/3\/2025\/03\/2024-Forsk-Sv-800x486.jpg 800w, https:\/\/www.lundbergsstiftelserna.se\/forskningsstiftelsen\/wp-content\/uploads\/sites\/3\/2025\/03\/2024-Forsk-Sv-1200x730.jpg 1200w, https:\/\/www.lundbergsstiftelserna.se\/forskningsstiftelsen\/wp-content\/uploads\/sites\/3\/2025\/03\/2024-Forsk-Sv-scaled.jpg 2560w\" sizes=\"(max-width: 800px) 100vw, 2560px\" \/><\/span><\/div><div class=\"fusion-clearfix\"><\/div><\/div><\/div><\/div><\/div>\n","protected":false},"excerpt":{"rendered":"","protected":false},"author":1,"featured_media":0,"parent":0,"menu_order":0,"comment_status":"closed","ping_status":"closed","template":"","meta":{"footnotes":""},"class_list":["post-9","page","type-page","status-publish","hentry"],"_links":{"self":[{"href":"https:\/\/www.lundbergsstiftelserna.se\/forskningsstiftelsen\/wp-json\/wp\/v2\/pages\/9","targetHints":{"allow":["GET"]}}],"collection":[{"href":"https:\/\/www.lundbergsstiftelserna.se\/forskningsstiftelsen\/wp-json\/wp\/v2\/pages"}],"about":[{"href":"https:\/\/www.lundbergsstiftelserna.se\/forskningsstiftelsen\/wp-json\/wp\/v2\/types\/page"}],"author":[{"embeddable":true,"href":"https:\/\/www.lundbergsstiftelserna.se\/forskningsstiftelsen\/wp-json\/wp\/v2\/users\/1"}],"replies":[{"embeddable":true,"href":"https:\/\/www.lundbergsstiftelserna.se\/forskningsstiftelsen\/wp-json\/wp\/v2\/comments?post=9"}],"version-history":[{"count":46,"href":"https:\/\/www.lundbergsstiftelserna.se\/forskningsstiftelsen\/wp-json\/wp\/v2\/pages\/9\/revisions"}],"predecessor-version":[{"id":1331,"href":"https:\/\/www.lundbergsstiftelserna.se\/forskningsstiftelsen\/wp-json\/wp\/v2\/pages\/9\/revisions\/1331"}],"wp:attachment":[{"href":"https:\/\/www.lundbergsstiftelserna.se\/forskningsstiftelsen\/wp-json\/wp\/v2\/media?parent=9"}],"curies":[{"name":"wp","href":"https:\/\/api.w.org\/{rel}","templated":true}]}}