{"id":10,"date":"2025-11-18T11:00:06","date_gmt":"2025-11-18T10:00:06","guid":{"rendered":"http:\/\/lundbergsstiftelserna.etendo.se\/stipendiestiftelsen\/?page_id=10"},"modified":"2025-11-18T16:06:03","modified_gmt":"2025-11-18T15:06:03","slug":"andamal-och-inriktning","status":"publish","type":"page","link":"https:\/\/www.lundbergsstiftelserna.se\/stipendiestiftelsen\/andamal-och-inriktning\/","title":{"rendered":"\u00c4ndam\u00e5l och inriktning"},"content":{"rendered":"<p><div class=\"fusion-fullwidth fullwidth-box fusion-builder-row-1 nonhundred-percent-fullwidth non-hundred-percent-height-scrolling\" style=\"--awb-background-position:left top;--awb-border-sizes-top:0px;--awb-border-sizes-bottom:0px;--awb-border-sizes-left:0px;--awb-border-sizes-right:0px;--awb-border-radius-top-left:0px;--awb-border-radius-top-right:0px;--awb-border-radius-bottom-right:0px;--awb-border-radius-bottom-left:0px;--awb-padding-top:20px;--awb-padding-bottom:20px;--awb-flex-wrap:wrap;\" ><div class=\"fusion-builder-row fusion-row\"><div class=\"fusion-layout-column fusion_builder_column fusion-builder-column-0 fusion_builder_column_1_1 1_1 fusion-one-full fusion-column-first fusion-column-last fusion-column-no-min-height\" style=\"--awb-bg-size:cover;--awb-margin-bottom:0px;\"><div class=\"fusion-column-wrapper fusion-flex-column-wrapper-legacy\"><div class=\"fusion-sep-clear\"><\/div><div class=\"fusion-separator fusion-full-width-sep page-margin-top\" style=\"margin-left: auto;margin-right: auto;margin-top:150px;width:100%;\"><\/div><div class=\"fusion-sep-clear\"><\/div><div class=\"fusion-clearfix\"><\/div><\/div><\/div><div class=\"fusion-layout-column fusion_builder_column fusion-builder-column-1 fusion_builder_column_2_3 2_3 fusion-two-third fusion-column-first page-text-box\" style=\"--awb-bg-size:cover;width:65.3333%; margin-right: 4%;\"><div class=\"fusion-column-wrapper fusion-flex-column-wrapper-legacy\"><div class=\"fusion-title title fusion-title-1 sep-underline sep-solid fusion-title-text fusion-title-size-one\" style=\"--awb-sep-color:#1b1b1b;\"><h1 class=\"fusion-title-heading title-heading-left fusion-responsive-typography-calculated\" style=\"margin:0;--fontSize:36;line-height:1.4;\">\u00c4ndam\u00e5l och inriktning<\/h1><\/div><div class=\"fusion-text fusion-text-1\"><p><strong class=\"uppercase-intro\">Enligt stiftelsens stadgar ska <\/strong>dess \u00e4ndam\u00e5l vara att st\u00f6dja vetenskaplig forskning och forskarutbildning inom arkitektur, byggnadsteknik, stadsplanering, boende och fastighetsf\u00f6rvaltning. \u00c4ndam\u00e5let ska i f\u00f6rsta hand fr\u00e4mjas genom stipendier till forskare verksamma vid de tekniska h\u00f6gskolorna och universiteten i Sverige.<\/p>\n<p>Stiftelsen har inom ramen f\u00f6r \u00e4ndam\u00e5let valt att st\u00f6dja forskarutbildning som sp\u00e4nner \u00f6ver hela f\u00e4ltet SAMH\u00c4LLSBYGGNAD. Fr\u00e5n och med stipendie\u00e5r 2021 st\u00f6djer stiftelsen \u00e4ven postdoktorer som \u00e4r verksamma inom samma f\u00e4lt. Doktorand- och postdoc-projekten kan ber\u00f6ra olika delar av kedjan, s\u00e5som planering, konstruktion, uppf\u00f6rande eller nyttjande.<\/p>\n<p>Utifr\u00e5n de projekt som beviljats finansiering sedan stiftelsens b\u00f6rjan framtr\u00e4der nio \u00e5terkommande \u00e4mnesomr\u00e5den.<\/p>\n<p>\u00c4MNESOMR\u00c5DEN<\/p>\n<ul>\n<li>Arkitekturens teori och historia<\/li>\n<li>Design och gestaltning<\/li>\n<li>Husbyggnad och material<\/li>\n<li>Tekniska grundvetenskaper<\/li>\n<li>Konstruktionsteknik<\/li>\n<li>Mark, vatten och infrastruktur<\/li>\n<li>Samh\u00e4llsbyggandets milj\u00f6anpassning<\/li>\n<li>Planering och stadsbyggnad<\/li>\n<li>Bygg- och fastighetsekonomi<\/li>\n<\/ul>\n<p>M\u00e5nga \u00e4mnesomr\u00e5den tangerar varandra och m\u00e5nga projekt skulle kunna sortera under mer \u00e4n ett omr\u00e5de. \u00c4ven om omr\u00e5dena tillsammans kan bed\u00f6mas utg\u00f6ra en ganska helt\u00e4ckande bild av stiftelsens inriktning, s\u00e5 \u00e4r stiftelsens yttersta avgr\u00e4nsning enligt \u00e4ndam\u00e5len alla t\u00e4nkbara \u00e4mnen som ryms inom det vida begreppet samh\u00e4llsbyggnad.<\/p>\n<p>L\u00e4s mer i <strong>BOKEN OM STIFTELSEN<\/strong> f\u00f6r ytterligare information om stiftelsens inriktning och exempel p\u00e5 tidigare projekt som f\u00e5tt stipendium.<\/p>\n<\/div><div class=\"fusion-button-wrapper\"><a class=\"fusion-button button-flat fusion-button-default-size button-default fusion-button-default button-1 fusion-button-default-span fusion-button-default-type\" target=\"_self\" href=\"\/stipendiestiftelsen\/boken-om-stiftelsen\/\"><span class=\"fusion-button-text awb-button__text awb-button__text--default\">Boken om stiftelsen<\/span><\/a><\/div><div class=\"fusion-sep-clear\"><\/div><div class=\"fusion-separator fusion-full-width-sep\" style=\"margin-left: auto;margin-right: auto;margin-top:20px;margin-bottom:20px;width:100%;\"><\/div><div class=\"fusion-sep-clear\"><\/div><div class=\"fusion-text fusion-text-2\"><h2>Doktorander<\/h2>\n<p>Lars Erik Lundbergs Stipendiestiftelse vill bidra till att fler m\u00e4n och kvinnor f\u00e5r m\u00f6jlighet att forska och doktorera. Stipendierna \u00e4r t\u00e4nkta att vara ett alternativ f\u00f6r doktorander som avser att forska inom ett \u00e4mne som passar stiftelsens inriktning, har erbjudits handledning p\u00e5 ett l\u00e4ros\u00e4te, men \u00e4nnu inte f\u00e5tt anst\u00e4llning som doktorand eller uppb\u00e4r annan finansiering.<\/p>\n<p>Genom \u00e4ndringar i H\u00f6gskolef\u00f6rordningen under 2018 g\u00e4ller att doktorander antagna fr\u00e5n den 1 juli 2018 m\u00e5ste ha en formell anst\u00e4llning senast n\u00e4r tre \u00e5rs heltidsstudier \u00e5terst\u00e5r av doktorandstudierna. Det inneb\u00e4r att stipendiefinansiering f\u00f6r dessa normalt sett endast kan komma ifr\u00e5ga under det f\u00f6rsta \u00e5ret.<\/p>\n<p>F\u00f6r doktorand antagen innan 1 juli 2018 kan stiftelsen st\u00f6dja doktoranden under samtliga \u00e5r fram till doktorsexamen.<\/p>\n<p>L\u00e4s mera i H\u00f6gskolef\u00f6rordningen (1993:100) om den lag\u00e4ndring som tr\u00e4dde i kraft den 1 juli 2018 och \u00e4r till\u00e4mplig f\u00f6r dem som antas som doktorand efter detta datum. Den aktuella paragrafen \u00e4r 5 kap. och s\u00e4rskilt 4 \u00a7 som reglerar doktorander p\u00e5 stipendium: \u00a0<a href=\"https:\/\/www.riksdagen.se\/sv\/dokument-lagar\/dokument\/svensk-forfattningssamling\/hogskoleforordning-1993100_sfs-1993-100\" target=\"_blank\" rel=\"noopener\">H\u00f6gskolef\u00f6rordningen<\/a><\/p>\n<p>F\u00f6r n\u00e4rvarande uppg\u00e5r ett hel\u00e5rsstipendium till 354.000 kronor.<\/p>\n<h2>Postdoc<\/h2>\n<p>Stiftelsens fr\u00e4mjande av \u00e4ndam\u00e5let har sedan ans\u00f6kningsperiod 2021 breddats, till att \u00e4ven omfatta st\u00f6d till postdoktorer som avser att forska inom ett \u00e4mne som passar stiftelsens inriktning, men inte f\u00e5tt anst\u00e4llning som postdoktor eller uppb\u00e4r annan finansiering f\u00f6r detta.<\/p>\n<p>F\u00f6r n\u00e4rvarande uppg\u00e5r ett hel\u00e5rsstipendium f\u00f6r postdoc till 402.000 kronor. Observera att ett beviljat stipendium endast g\u00e4ller f\u00f6r ett \u00e5r. Om en befintlig postdoc-stipendiat \u00f6nskar s\u00f6ka fortsatt stipendium f\u00f6r ett andra \u00e5r, utan avbrott i utbetalningarna, s\u00e5 m\u00e5ste alltid en ny fullst\u00e4ndig ans\u00f6kan inkomma under den ordinarie ans\u00f6kningsperioden, januari-februari n\u00e4stkommande \u00e5r.<\/p>\n<\/div><div class=\"fusion-clearfix\"><\/div><\/div><\/div><div class=\"fusion-layout-column fusion_builder_column fusion-builder-column-2 fusion_builder_column_1_3 1_3 fusion-one-third fusion-column-last image-box\" style=\"--awb-bg-size:cover;width:30.6666%;\"><div class=\"fusion-column-wrapper fusion-flex-column-wrapper-legacy\"><div class=\"fusion-image-element in-legacy-container\" style=\"--awb-caption-title-font-family:var(--h2_typography-font-family);--awb-caption-title-font-weight:var(--h2_typography-font-weight);--awb-caption-title-font-style:var(--h2_typography-font-style);--awb-caption-title-size:var(--h2_typography-font-size);--awb-caption-title-transform:var(--h2_typography-text-transform);--awb-caption-title-line-height:var(--h2_typography-line-height);--awb-caption-title-letter-spacing:var(--h2_typography-letter-spacing);\"><span class=\" fusion-imageframe imageframe-none imageframe-1 hover-type-none\"><img decoding=\"async\" width=\"820\" height=\"1014\" title=\"andamal-inriktning1\" src=\"https:\/\/www.lundbergsstiftelserna.se\/stipendiestiftelsen\/wp-content\/uploads\/sites\/2\/2016\/08\/andamal-inriktning1.jpg\" alt class=\"img-responsive wp-image-285\" srcset=\"https:\/\/www.lundbergsstiftelserna.se\/stipendiestiftelsen\/wp-content\/uploads\/sites\/2\/2016\/08\/andamal-inriktning1-200x247.jpg 200w, https:\/\/www.lundbergsstiftelserna.se\/stipendiestiftelsen\/wp-content\/uploads\/sites\/2\/2016\/08\/andamal-inriktning1-400x495.jpg 400w, https:\/\/www.lundbergsstiftelserna.se\/stipendiestiftelsen\/wp-content\/uploads\/sites\/2\/2016\/08\/andamal-inriktning1-600x742.jpg 600w, https:\/\/www.lundbergsstiftelserna.se\/stipendiestiftelsen\/wp-content\/uploads\/sites\/2\/2016\/08\/andamal-inriktning1-800x989.jpg 800w, https:\/\/www.lundbergsstiftelserna.se\/stipendiestiftelsen\/wp-content\/uploads\/sites\/2\/2016\/08\/andamal-inriktning1.jpg 820w\" sizes=\"(max-width: 800px) 100vw, 400px\" \/><\/span><\/div><div class=\"fusion-sep-clear\"><\/div><div class=\"fusion-separator fusion-full-width-sep\" style=\"margin-left: auto;margin-right: auto;margin-bottom:30px;width:100%;\"><\/div><div class=\"fusion-sep-clear\"><\/div><div class=\"fusion-image-element in-legacy-container\" style=\"--awb-caption-title-font-family:var(--h2_typography-font-family);--awb-caption-title-font-weight:var(--h2_typography-font-weight);--awb-caption-title-font-style:var(--h2_typography-font-style);--awb-caption-title-size:var(--h2_typography-font-size);--awb-caption-title-transform:var(--h2_typography-text-transform);--awb-caption-title-line-height:var(--h2_typography-line-height);--awb-caption-title-letter-spacing:var(--h2_typography-letter-spacing);\"><span class=\" fusion-imageframe imageframe-none imageframe-2 hover-type-none\"><img decoding=\"async\" width=\"820\" height=\"1014\" title=\"ansokan\" src=\"https:\/\/www.lundbergsstiftelserna.se\/stipendiestiftelsen\/wp-content\/uploads\/sites\/2\/2016\/09\/ansokan.jpg\" alt class=\"img-responsive wp-image-814\" srcset=\"https:\/\/www.lundbergsstiftelserna.se\/stipendiestiftelsen\/wp-content\/uploads\/sites\/2\/2016\/09\/ansokan-200x247.jpg 200w, https:\/\/www.lundbergsstiftelserna.se\/stipendiestiftelsen\/wp-content\/uploads\/sites\/2\/2016\/09\/ansokan-400x495.jpg 400w, https:\/\/www.lundbergsstiftelserna.se\/stipendiestiftelsen\/wp-content\/uploads\/sites\/2\/2016\/09\/ansokan-600x742.jpg 600w, https:\/\/www.lundbergsstiftelserna.se\/stipendiestiftelsen\/wp-content\/uploads\/sites\/2\/2016\/09\/ansokan-800x989.jpg 800w, https:\/\/www.lundbergsstiftelserna.se\/stipendiestiftelsen\/wp-content\/uploads\/sites\/2\/2016\/09\/ansokan.jpg 820w\" sizes=\"(max-width: 800px) 100vw, 400px\" \/><\/span><\/div><div class=\"fusion-clearfix\"><\/div><\/div><\/div><\/div><\/div><div class=\"fusion-fullwidth fullwidth-box fusion-builder-row-2 nonhundred-percent-fullwidth non-hundred-percent-height-scrolling\" style=\"--awb-background-position:left top;--awb-border-sizes-top:0px;--awb-border-sizes-bottom:0px;--awb-border-sizes-left:0px;--awb-border-sizes-right:0px;--awb-border-radius-top-left:0px;--awb-border-radius-top-right:0px;--awb-border-radius-bottom-right:0px;--awb-border-radius-bottom-left:0px;--awb-padding-top:20px;--awb-padding-bottom:20px;--awb-flex-wrap:wrap;\" ><div class=\"fusion-builder-row fusion-row\"><div class=\"fusion-layout-column fusion_builder_column fusion-builder-column-3 fusion_builder_column_1_1 1_1 fusion-one-full fusion-column-first fusion-column-last fusion-column-no-min-height\" style=\"--awb-bg-size:cover;--awb-margin-bottom:0px;\"><div class=\"fusion-column-wrapper fusion-flex-column-wrapper-legacy\"><div class=\"fusion-title title fusion-title-2 fusion-sep-none fusion-title-text fusion-title-size-two\"><h2 class=\"fusion-title-heading title-heading-left fusion-responsive-typography-calculated\" style=\"margin:0;--fontSize:30;line-height:1.5;\">Kapitalets utveckling<\/h2><\/div><div class=\"fusion-text fusion-text-3\"><p>Substansv\u00e4rde samt ackumulerade utbetalda stipendier. Stapeln visar mnkr r\u00e4knat per kalender\u00e5r, 31 december.<\/p>\n<p>Den 31 december 2024 uppgick substansv\u00e4rdet till 217,3 mnkr och ackumulerade utbetalda stipendier till 49,9 mnkr.<\/p>\n<\/div><div class=\"fusion-image-element in-legacy-container\" style=\"--awb-caption-title-font-family:var(--h2_typography-font-family);--awb-caption-title-font-weight:var(--h2_typography-font-weight);--awb-caption-title-font-style:var(--h2_typography-font-style);--awb-caption-title-size:var(--h2_typography-font-size);--awb-caption-title-transform:var(--h2_typography-text-transform);--awb-caption-title-line-height:var(--h2_typography-line-height);--awb-caption-title-letter-spacing:var(--h2_typography-letter-spacing);\"><span class=\" fusion-imageframe imageframe-none imageframe-3 hover-type-none\"><img decoding=\"async\" width=\"2560\" height=\"1558\" title=\"2024 Stip sv\" src=\"https:\/\/www.lundbergsstiftelserna.se\/stipendiestiftelsen\/wp-content\/uploads\/sites\/2\/2025\/03\/2024-Stip-sv-scaled.jpg\" alt class=\"img-responsive wp-image-2170\" srcset=\"https:\/\/www.lundbergsstiftelserna.se\/stipendiestiftelsen\/wp-content\/uploads\/sites\/2\/2025\/03\/2024-Stip-sv-200x122.jpg 200w, https:\/\/www.lundbergsstiftelserna.se\/stipendiestiftelsen\/wp-content\/uploads\/sites\/2\/2025\/03\/2024-Stip-sv-400x243.jpg 400w, https:\/\/www.lundbergsstiftelserna.se\/stipendiestiftelsen\/wp-content\/uploads\/sites\/2\/2025\/03\/2024-Stip-sv-600x365.jpg 600w, https:\/\/www.lundbergsstiftelserna.se\/stipendiestiftelsen\/wp-content\/uploads\/sites\/2\/2025\/03\/2024-Stip-sv-800x487.jpg 800w, https:\/\/www.lundbergsstiftelserna.se\/stipendiestiftelsen\/wp-content\/uploads\/sites\/2\/2025\/03\/2024-Stip-sv-1200x730.jpg 1200w, https:\/\/www.lundbergsstiftelserna.se\/stipendiestiftelsen\/wp-content\/uploads\/sites\/2\/2025\/03\/2024-Stip-sv-scaled.jpg 2560w\" sizes=\"(max-width: 800px) 100vw, 2560px\" \/><\/span><\/div><div class=\"fusion-clearfix\"><\/div><\/div><\/div><\/div><\/div><\/p>\n","protected":false},"excerpt":{"rendered":"","protected":false},"author":1,"featured_media":0,"parent":0,"menu_order":0,"comment_status":"closed","ping_status":"closed","template":"","meta":{"footnotes":""},"class_list":["post-10","page","type-page","status-publish","hentry"],"_links":{"self":[{"href":"https:\/\/www.lundbergsstiftelserna.se\/stipendiestiftelsen\/wp-json\/wp\/v2\/pages\/10","targetHints":{"allow":["GET"]}}],"collection":[{"href":"https:\/\/www.lundbergsstiftelserna.se\/stipendiestiftelsen\/wp-json\/wp\/v2\/pages"}],"about":[{"href":"https:\/\/www.lundbergsstiftelserna.se\/stipendiestiftelsen\/wp-json\/wp\/v2\/types\/page"}],"author":[{"embeddable":true,"href":"https:\/\/www.lundbergsstiftelserna.se\/stipendiestiftelsen\/wp-json\/wp\/v2\/users\/1"}],"replies":[{"embeddable":true,"href":"https:\/\/www.lundbergsstiftelserna.se\/stipendiestiftelsen\/wp-json\/wp\/v2\/comments?post=10"}],"version-history":[{"count":73,"href":"https:\/\/www.lundbergsstiftelserna.se\/stipendiestiftelsen\/wp-json\/wp\/v2\/pages\/10\/revisions"}],"predecessor-version":[{"id":2258,"href":"https:\/\/www.lundbergsstiftelserna.se\/stipendiestiftelsen\/wp-json\/wp\/v2\/pages\/10\/revisions\/2258"}],"wp:attachment":[{"href":"https:\/\/www.lundbergsstiftelserna.se\/stipendiestiftelsen\/wp-json\/wp\/v2\/media?parent=10"}],"curies":[{"name":"wp","href":"https:\/\/api.w.org\/{rel}","templated":true}]}}