{"id":1447,"date":"2025-11-19T08:00:01","date_gmt":"2025-11-19T07:00:01","guid":{"rendered":"https:\/\/www.lundbergsstiftelserna.se\/stipendiestiftelsen\/?page_id=1447"},"modified":"2025-11-20T08:41:53","modified_gmt":"2025-11-20T07:41:53","slug":"bedomningsgrunder-postdoc","status":"publish","type":"page","link":"https:\/\/www.lundbergsstiftelserna.se\/stipendiestiftelsen\/bedomningsgrunder-postdoc\/","title":{"rendered":"Bed\u00f6mningsgrunder postdoc"},"content":{"rendered":"<div class=\"fusion-fullwidth fullwidth-box fusion-builder-row-1 nonhundred-percent-fullwidth non-hundred-percent-height-scrolling\" style=\"--awb-background-position:left top;--awb-border-sizes-top:0px;--awb-border-sizes-bottom:0px;--awb-border-sizes-left:0px;--awb-border-sizes-right:0px;--awb-border-radius-top-left:0px;--awb-border-radius-top-right:0px;--awb-border-radius-bottom-right:0px;--awb-border-radius-bottom-left:0px;--awb-padding-top:20px;--awb-padding-bottom:20px;--awb-flex-wrap:wrap;\" ><div class=\"fusion-builder-row fusion-row\"><div class=\"fusion-layout-column fusion_builder_column fusion-builder-column-0 fusion_builder_column_1_1 1_1 fusion-one-full fusion-column-first fusion-column-last fusion-column-no-min-height\" style=\"--awb-bg-size:cover;--awb-margin-bottom:0px;\"><div class=\"fusion-column-wrapper fusion-flex-column-wrapper-legacy\"><div class=\"fusion-sep-clear\"><\/div><div class=\"fusion-separator fusion-full-width-sep page-margin-top\" style=\"margin-left: auto;margin-right: auto;margin-top:150px;width:100%;\"><\/div><div class=\"fusion-sep-clear\"><\/div><div class=\"fusion-clearfix\"><\/div><\/div><\/div><div class=\"fusion-layout-column fusion_builder_column fusion-builder-column-1 fusion_builder_column_2_3 2_3 fusion-two-third fusion-column-first page-text-box\" style=\"--awb-bg-size:cover;width:65.3333%; margin-right: 4%;\"><div class=\"fusion-column-wrapper fusion-flex-column-wrapper-legacy\"><div class=\"fusion-title title fusion-title-1 sep-underline sep-solid fusion-title-text fusion-title-size-one\" style=\"--awb-sep-color:#1b1b1b;\"><h1 class=\"fusion-title-heading title-heading-left fusion-responsive-typography-calculated\" style=\"margin:0;--fontSize:36;line-height:1.4;\">Bed\u00f6mningsgrunder postdoc<\/h1><\/div><div class=\"fusion-text fusion-text-1\"><p><strong class=\"uppercase-intro\">Stipendie\u00e5ret inleds i december<\/strong> d\u00e5 stipendierna utlyses genom brev till forskarhandledare vid ber\u00f6rda universitet och h\u00f6gskolor runt om i Sverige.<\/p>\n<p>Den som \u00f6nskar g\u00f6ra ett postdoc-arbete inom Samh\u00e4llsbyggnad, men inte f\u00e5tt tidsbegr\u00e4nsad anst\u00e4llning som postdoktor eller har annan finansiering f\u00f6r detta kan s\u00f6ka stipendium.<\/p>\n<p>S\u00f6kanden ska vara i begrepp att doktorera inom kort eller ha en doktorsexamen som \u00e4r h\u00f6gst fem \u00e5r gammal. Vid postdoc-periodens b\u00f6rjan ska doktorsexamen vara mindre \u00e4n sex \u00e5r gammal. Doktorsexamen ska vara svensk.<\/p>\n<p>Postdoc-projektet kan bedrivas p\u00e5 maximalt tre platser under ett stipendie\u00e5r. Att hela eller delar av postdoc-arbetet bedrivs p\u00e5 andra institutioner \u00e4n den egna \u00e4r inte ett krav, men inneb\u00e4r en f\u00f6rdel i bed\u00f6mningen. Det \u00e4r m\u00f6jligt att inkomma med forts\u00e4ttningsans\u00f6kan f\u00f6r ett andra \u00e5r.<\/p>\n<p>Stipendieans\u00f6kningarna ska vara stiftelsen tillhanda senast sista ans\u00f6kningsdagen i b\u00f6rjan av februari. De inkomna stipendieans\u00f6kningarna f\u00f6rdelas, baserat p\u00e5 forskningsprojektets \u00e4mnesinriktning, mellan styrelsens tre vetenskapliga ledam\u00f6ter och deras respektive fackomr\u00e5den.<\/p>\n<p>Ans\u00f6kningarna bed\u00f6ms och betygs\u00e4tts av den vetenskapliga kommitt\u00e9n enligt f\u00f6ljande kriterier:<\/p>\n<p>ANS\u00d6KANS KVALITET<\/p>\n<p>Ans\u00f6kan ska inneh\u00e5lla en klar och koncis beskrivning av projektets m\u00e5ls\u00e4ttning, metodik och angreppss\u00e4tt. M\u00e5lgrupperna och deras upplevda behov av ny kunskap inom forskningsomr\u00e5det b\u00f6r beskrivas, och all information som beh\u00f6vs f\u00f6r att kunna bed\u00f6ma projektets nytta f\u00f6r dessa b\u00f6r finnas med.<\/p>\n<p>VETENSKAPLIG KVALITET<\/p>\n<p>Projektet ska vara tydligt avgr\u00e4nsat, metodiken relevant f\u00f6r uppgiften och tidplanen rimlig. Nyhetsv\u00e4rde och originalitet \u00e4r intressant och g\u00e4ller i f\u00f6rh\u00e5llande till b\u00e5de forskarsamh\u00e4llet och till praktiken. Inom detta kriterium bed\u00f6ms ocks\u00e5 projektets \u00bbrealism\u00ab, det vill s\u00e4ga om det \u00e4r troligt att projektet verkligen kan genomf\u00f6ras enligt planen.<\/p>\n<p>RELEVANS<\/p>\n<p>Relevansen bed\u00f6ms i relation till stiftelsens \u00e4ndam\u00e5l. De f\u00f6rv\u00e4ntade resultaten ska kunna nyttigg\u00f6ras och vara potentiellt anv\u00e4ndbara f\u00f6r bygg- och fastighetssektorns akt\u00f6rer, och i f\u00f6rl\u00e4ngningen f\u00f6r samh\u00e4llet i stort.<\/p>\n<p>FORSKNINGSMILJ\u00d6<\/p>\n<p>Det b\u00f6r framg\u00e5 att den s\u00f6kande samarbetar med en god vetenskaplig milj\u00f6 d\u00e4r den s\u00f6kande har m\u00f6jlighet att vidareutveckla sin forskning och att meritera sig. Med det avser stiftelsen en kreativ och m\u00e5ngsidig milj\u00f6, d\u00e4r forskare med olika inriktningar kan utbyta id\u00e9er med varandra och d\u00e4r f\u00f6ruts\u00e4ttningar finns f\u00f6r doktoranden att skapa egna n\u00e4tverk, b\u00e5de lokalt och internationellt. Brevet med inbjudan fr\u00e5n f\u00f6rest\u00e5ndaren \u00e4r i sammanhanget mycket viktigt. Likas\u00e5 att den som \u00e4r v\u00e4rd f\u00f6r postdoc har en tydlig plan f\u00f6r mottagandet.<\/p>\n<p>FORTS\u00c4TTNINGSSTIPENDIUM<\/p>\n<p>Om en befintlig postdoc-stipendiat \u00f6nskar s\u00f6ka fortsatt stipendium f\u00f6r ett andra \u00e5r, s\u00e5 m\u00e5ste alltid en ny fullst\u00e4ndig ans\u00f6kan inkomma under den ordinarie ans\u00f6kningsperioden, januari-februari n\u00e4stkommande \u00e5r. I bed\u00f6mningen av ans\u00f6kningarna tas h\u00e4nsyn till om ans\u00f6kan avser en stipendiat som redan f\u00e5r st\u00f6d fr\u00e5n stiftelsen f\u00f6r sitt postdoc-projekt. Engagerade forskare som sk\u00f6ter sin rapportering till stiftelsen och som \u00e4r utan annan finansiering har goda chanser att f\u00e5 beviljat stipendium f\u00f6r ett andra \u00e5r. Man kan bli beviljad postdoc-stipendium under maximalt tv\u00e5 \u00e5r.<\/p>\n<p>Vid styrelsem\u00f6tet p\u00e5 v\u00e5ren beslutar styrelsen, med redan gjorda bed\u00f6mningar som diskussionsunderlag, att bevilja totalt vanligtvis cirka 10-15 stipendier.<\/p>\n<p>Stiftelsen \u00f6nskar insyn i stipendiaternas arbete och f\u00f6ljer upp projekten genom att efterfr\u00e5ga rapportering tv\u00e5 g\u00e5nger om \u00e5ret, enligt \u00f6verenskommen tidplan. Godk\u00e4nd rapportering \u00e4r ett krav f\u00f6r att n\u00e4sta stipendieutbetalning ska kunna genomf\u00f6ras. De tre fackansvariga styrelseledam\u00f6terna h\u00e5ller viss kontakt med stipendiaterna under det l\u00f6pande arbetet.<\/p>\n<p>P\u00e5 h\u00f6sten infaller styrelsens andra sammantr\u00e4de, d\u00e5 stipendiaternas arbete och rapportering f\u00f6ljs upp.<\/p>\n<\/div><div class=\"fusion-clearfix\"><\/div><\/div><\/div><div class=\"fusion-layout-column fusion_builder_column fusion-builder-column-2 fusion_builder_column_1_3 1_3 fusion-one-third fusion-column-last image-box\" style=\"--awb-bg-size:cover;width:30.6666%;\"><div class=\"fusion-column-wrapper fusion-flex-column-wrapper-legacy\"><div class=\"fusion-image-element in-legacy-container\" style=\"--awb-caption-title-font-family:var(--h2_typography-font-family);--awb-caption-title-font-weight:var(--h2_typography-font-weight);--awb-caption-title-font-style:var(--h2_typography-font-style);--awb-caption-title-size:var(--h2_typography-font-size);--awb-caption-title-transform:var(--h2_typography-text-transform);--awb-caption-title-line-height:var(--h2_typography-line-height);--awb-caption-title-letter-spacing:var(--h2_typography-letter-spacing);\"><span class=\" fusion-imageframe imageframe-none imageframe-1 hover-type-none\"><img decoding=\"async\" width=\"820\" height=\"1014\" title=\"for-stipendiater1\" src=\"https:\/\/www.lundbergsstiftelserna.se\/stipendiestiftelsen\/wp-content\/uploads\/sites\/2\/2016\/08\/for-stipendiater1.jpg\" alt class=\"img-responsive wp-image-281\" srcset=\"https:\/\/www.lundbergsstiftelserna.se\/stipendiestiftelsen\/wp-content\/uploads\/sites\/2\/2016\/08\/for-stipendiater1-200x247.jpg 200w, https:\/\/www.lundbergsstiftelserna.se\/stipendiestiftelsen\/wp-content\/uploads\/sites\/2\/2016\/08\/for-stipendiater1-400x495.jpg 400w, https:\/\/www.lundbergsstiftelserna.se\/stipendiestiftelsen\/wp-content\/uploads\/sites\/2\/2016\/08\/for-stipendiater1-600x742.jpg 600w, https:\/\/www.lundbergsstiftelserna.se\/stipendiestiftelsen\/wp-content\/uploads\/sites\/2\/2016\/08\/for-stipendiater1-800x989.jpg 800w, https:\/\/www.lundbergsstiftelserna.se\/stipendiestiftelsen\/wp-content\/uploads\/sites\/2\/2016\/08\/for-stipendiater1.jpg 820w\" sizes=\"(max-width: 800px) 100vw, 400px\" \/><\/span><\/div><div class=\"fusion-clearfix\"><\/div><\/div><\/div><\/div><\/div>\n","protected":false},"excerpt":{"rendered":"","protected":false},"author":1,"featured_media":0,"parent":0,"menu_order":1,"comment_status":"closed","ping_status":"closed","template":"","meta":{"footnotes":""},"class_list":["post-1447","page","type-page","status-publish","hentry"],"_links":{"self":[{"href":"https:\/\/www.lundbergsstiftelserna.se\/stipendiestiftelsen\/wp-json\/wp\/v2\/pages\/1447","targetHints":{"allow":["GET"]}}],"collection":[{"href":"https:\/\/www.lundbergsstiftelserna.se\/stipendiestiftelsen\/wp-json\/wp\/v2\/pages"}],"about":[{"href":"https:\/\/www.lundbergsstiftelserna.se\/stipendiestiftelsen\/wp-json\/wp\/v2\/types\/page"}],"author":[{"embeddable":true,"href":"https:\/\/www.lundbergsstiftelserna.se\/stipendiestiftelsen\/wp-json\/wp\/v2\/users\/1"}],"replies":[{"embeddable":true,"href":"https:\/\/www.lundbergsstiftelserna.se\/stipendiestiftelsen\/wp-json\/wp\/v2\/comments?post=1447"}],"version-history":[{"count":8,"href":"https:\/\/www.lundbergsstiftelserna.se\/stipendiestiftelsen\/wp-json\/wp\/v2\/pages\/1447\/revisions"}],"predecessor-version":[{"id":2260,"href":"https:\/\/www.lundbergsstiftelserna.se\/stipendiestiftelsen\/wp-json\/wp\/v2\/pages\/1447\/revisions\/2260"}],"wp:attachment":[{"href":"https:\/\/www.lundbergsstiftelserna.se\/stipendiestiftelsen\/wp-json\/wp\/v2\/media?parent=1447"}],"curies":[{"name":"wp","href":"https:\/\/api.w.org\/{rel}","templated":true}]}}