{"id":1475,"date":"2024-11-11T16:00:28","date_gmt":"2024-11-11T15:00:28","guid":{"rendered":"https:\/\/www.lundbergsstiftelserna.se\/stipendiestiftelsen\/?page_id=1475"},"modified":"2025-12-02T13:34:04","modified_gmt":"2025-12-02T12:34:04","slug":"ansokan-postdoc","status":"publish","type":"page","link":"https:\/\/www.lundbergsstiftelserna.se\/stipendiestiftelsen\/ansokan-postdoc\/","title":{"rendered":"Ans\u00f6kan postdoc"},"content":{"rendered":"<div class=\"fusion-fullwidth fullwidth-box fusion-builder-row-1 nonhundred-percent-fullwidth non-hundred-percent-height-scrolling\" style=\"--awb-background-position:left top;--awb-border-sizes-top:0px;--awb-border-sizes-bottom:0px;--awb-border-sizes-left:0px;--awb-border-sizes-right:0px;--awb-border-radius-top-left:0px;--awb-border-radius-top-right:0px;--awb-border-radius-bottom-right:0px;--awb-border-radius-bottom-left:0px;--awb-padding-top:20px;--awb-padding-bottom:20px;--awb-flex-wrap:wrap;\" ><div class=\"fusion-builder-row fusion-row\"><div class=\"fusion-layout-column fusion_builder_column fusion-builder-column-0 fusion_builder_column_1_1 1_1 fusion-one-full fusion-column-first fusion-column-last fusion-column-no-min-height\" style=\"--awb-bg-blend:overlay;--awb-bg-size:cover;--awb-margin-bottom:0px;\"><div class=\"fusion-column-wrapper fusion-flex-column-wrapper-legacy\"><div class=\"fusion-sep-clear\"><\/div><div class=\"fusion-separator fusion-full-width-sep page-margin-top\" style=\"margin-left: auto;margin-right: auto;margin-top:150px;width:100%;\"><\/div><div class=\"fusion-sep-clear\"><\/div><div class=\"fusion-clearfix\"><\/div><\/div><\/div><div class=\"fusion-layout-column fusion_builder_column fusion-builder-column-1 fusion_builder_column_2_3 2_3 fusion-two-third fusion-column-first page-text-box\" style=\"--awb-bg-blend:overlay;--awb-bg-size:cover;width:65.3333%; margin-right: 4%;\"><div class=\"fusion-column-wrapper fusion-flex-column-wrapper-legacy\"><div class=\"fusion-title title fusion-title-1 sep-underline sep-solid fusion-title-text fusion-title-size-one\" style=\"--awb-sep-color:#1b1b1b;\"><h1 class=\"fusion-title-heading title-heading-left fusion-responsive-typography-calculated\" style=\"margin:0;--fontSize:36;line-height:1.4;\">Ans\u00f6kan postdoc<\/h1><\/div><div class=\"fusion-text fusion-text-1\"><h3>Utlysning av stipendium 2026<\/h3>\n<p>Brevet &#8221;inbjudan att s\u00f6ka stipendium&#8221; skickas ut till svenska l\u00e4ros\u00e4ten i samband med utlysning av kommande stipendie\u00e5r.<\/p>\n<\/div><div class=\"fusion-button-wrapper\"><a class=\"fusion-button button-flat fusion-button-default-size button-default fusion-button-default button-1 fusion-button-default-span fusion-button-default-type\" target=\"_blank\" rel=\"noopener noreferrer\" href=\"https:\/\/www.lundbergsstiftelserna.se\/wp-content\/uploads\/2025\/12\/Inbjudan-att-soka-doktorand-eller-postdocstipendium-2026.pdf\"><span class=\"fusion-button-text awb-button__text awb-button__text--default\">Utlysningsbrev stipendium 2026<\/span><\/a><\/div><div class=\"fusion-clearfix\"><\/div><\/div><\/div><div class=\"fusion-layout-column fusion_builder_column fusion-builder-column-2 fusion_builder_column_1_3 1_3 fusion-one-third fusion-column-last\" style=\"--awb-bg-blend:overlay;--awb-bg-size:cover;width:30.6666%;\"><div class=\"fusion-column-wrapper fusion-flex-column-wrapper-legacy\"><div class=\"fusion-align-block\"><a class=\"fusion-button button-flat button-xlarge button-default fusion-button-default button-2 fusion-button-span-yes fusion-button-default-type\" target=\"_blank\" rel=\"noopener noreferrer\" href=\"http:\/\/www.researchweb.org\/is\/ls\/document\/255010\"><span class=\"fusion-button-text awb-button__text awb-button__text--default\">Postdoc &#8211; Ans\u00f6k h\u00e4r<\/span><\/a><\/div><div class=\"fusion-clearfix\"><\/div><\/div><\/div><div class=\"fusion-layout-column fusion_builder_column fusion-builder-column-3 fusion_builder_column_2_3 2_3 fusion-two-third fusion-column-first page-text-box\" style=\"--awb-bg-blend:overlay;--awb-bg-size:cover;width:65.3333%; margin-right: 4%;\"><div class=\"fusion-column-wrapper fusion-flex-column-wrapper-legacy\"><div class=\"fusion-text fusion-text-2\"><h3>Vem kan f\u00e5 stipendium?<\/h3>\n<p>Lars Erik Lundbergs Stipendiestiftelse delar ut stipendier till den som \u00f6nskar g\u00f6ra ett postdoc-arbete inom \u00e4mnesomr\u00e5den underordnade det samlade begreppet Samh\u00e4llsbyggnad. Stipendierna \u00e4r avsedda f\u00f6r disputerade forskare som har bjudits in till en forskargrupp p\u00e5 ett l\u00e4ros\u00e4te, men inte f\u00e5tt anst\u00e4llning som postdoktor eller uppb\u00e4r annan finansiering f\u00f6r detta.<\/p>\n<p>St\u00f6d ges s\u00e5ledes inte till h\u00f6gskoleinstitutioner, postdoktorer som \u00e4r anst\u00e4llda eller har annan finansiering f\u00f6r sitt uppeh\u00e4lle.<\/p>\n<p>Om man planerar att genomf\u00f6ra sitt postdoc-projekt p\u00e5 mer \u00e4n en plats s\u00e5 ska formell inbjudan finnas fr\u00e5n samtliga platser.<\/p>\n<p>Postdoc-projektet ska bedrivas p\u00e5 heltid.<\/p>\n<p>S\u00f6kande ska vara i begrepp att doktorera inom kort, eller ha en doktorsexamen som \u00e4r h\u00f6gst fem \u00e5r gammal. Vid postdoc-periodens b\u00f6rjan ska doktorsexamen vara mindre \u00e4n sex \u00e5r gammal.<\/p>\n<p>Doktorsexamen ska vara svensk.<\/p>\n<p>L\u00e4s mer i BOKEN OM STIFTELSEN f\u00f6r ytterligare information om stiftelsens \u00e4mnesinriktning.<\/p>\n<\/div><div class=\"fusion-button-wrapper\"><a class=\"fusion-button button-flat fusion-button-default-size button-default fusion-button-default button-3 fusion-button-default-span fusion-button-default-type\" target=\"_self\" href=\"\/stipendiestiftelsen\/boken-om-stiftelsen\/\"><span class=\"fusion-button-text awb-button__text awb-button__text--default\">Boken om stiftelsen<\/span><\/a><\/div><div class=\"fusion-clearfix\"><\/div><\/div><\/div><div class=\"fusion-layout-column fusion_builder_column fusion-builder-column-4 fusion_builder_column_1_3 1_3 fusion-one-third fusion-column-last image-box\" style=\"--awb-bg-blend:overlay;--awb-bg-size:cover;width:30.6666%;\"><div class=\"fusion-column-wrapper fusion-flex-column-wrapper-legacy\"><div class=\"fusion-image-element in-legacy-container\" style=\"--awb-caption-title-font-family:var(--h2_typography-font-family);--awb-caption-title-font-weight:var(--h2_typography-font-weight);--awb-caption-title-font-style:var(--h2_typography-font-style);--awb-caption-title-size:var(--h2_typography-font-size);--awb-caption-title-transform:var(--h2_typography-text-transform);--awb-caption-title-line-height:var(--h2_typography-line-height);--awb-caption-title-letter-spacing:var(--h2_typography-letter-spacing);\"><span class=\" fusion-imageframe imageframe-none imageframe-1 hover-type-none\"><img decoding=\"async\" width=\"820\" height=\"1014\" title=\"ansokan\" src=\"https:\/\/www.lundbergsstiftelserna.se\/stipendiestiftelsen\/wp-content\/uploads\/sites\/2\/2016\/08\/ansokan.jpg\" alt class=\"img-responsive wp-image-277\" srcset=\"https:\/\/www.lundbergsstiftelserna.se\/stipendiestiftelsen\/wp-content\/uploads\/sites\/2\/2016\/08\/ansokan-200x247.jpg 200w, https:\/\/www.lundbergsstiftelserna.se\/stipendiestiftelsen\/wp-content\/uploads\/sites\/2\/2016\/08\/ansokan-400x495.jpg 400w, https:\/\/www.lundbergsstiftelserna.se\/stipendiestiftelsen\/wp-content\/uploads\/sites\/2\/2016\/08\/ansokan-600x742.jpg 600w, https:\/\/www.lundbergsstiftelserna.se\/stipendiestiftelsen\/wp-content\/uploads\/sites\/2\/2016\/08\/ansokan-800x989.jpg 800w, https:\/\/www.lundbergsstiftelserna.se\/stipendiestiftelsen\/wp-content\/uploads\/sites\/2\/2016\/08\/ansokan.jpg 820w\" sizes=\"(max-width: 800px) 100vw, 400px\" \/><\/span><\/div><div class=\"fusion-clearfix\"><\/div><\/div><\/div><div class=\"fusion-layout-column fusion_builder_column fusion-builder-column-5 fusion_builder_column_2_3 2_3 fusion-two-third fusion-column-first\" style=\"--awb-bg-blend:overlay;--awb-bg-size:cover;width:65.3333%; margin-right: 4%;\"><div class=\"fusion-column-wrapper fusion-flex-column-wrapper-legacy\"><div class=\"fusion-text fusion-text-3\"><h3 class=\"fusion-responsive-typography-calculated\" style=\"--fontsize: 22;line-height: 1.5;--minfontsize: 22\" data-fontsize=\"22\" data-lineheight=\"33px\">Stipendiet 2026<\/h3>\n<p>Stipendiet \u00e4r skattefritt och g\u00e5r till postdoktorn personligen, f\u00f6r att t\u00e4cka uppeh\u00e4lle och omkostnader.<\/p>\n<h4 class=\"fusion-responsive-typography-calculated\" style=\"--fontsize: 18;line-height: 1.5;--minfontsize: 18\" data-fontsize=\"18\" data-lineheight=\"27px\">Stipendiets varaktighet<\/h4>\n<p>Stipendium kan s\u00f6kas f\u00f6r forskning p\u00e5 heltid, f\u00f6r en period upp till ett \u00e5r. Forts\u00e4ttningsstipendium f\u00f6r ett andra \u00e5r kan komma i fr\u00e5ga. En ny ans\u00f6kan beh\u00f6ver d\u00e5 skickas in till stiftelsen under n\u00e4sta \u00e5rs ans\u00f6kningsperiod i januari\/februari. Stipendium beviljas s\u00e5ledes inte f\u00f6r l\u00e4ngre tid \u00e4n totalt tv\u00e5 \u00e5r.<\/p>\n<h4 class=\"fusion-responsive-typography-calculated\" style=\"--fontsize: 18;line-height: 1.5;--minfontsize: 18\" data-fontsize=\"18\" data-lineheight=\"27px\">St\u00f6dets niv\u00e5<\/h4>\n<p>Stipendiet uppg\u00e5r till 402 000 kronor f\u00f6r ett helt stipendie\u00e5r om tolv m\u00e5nader, motsvarande ett belopp om 33 500 kronor per m\u00e5nad. Beviljat belopp f\u00f6rdelas p\u00e5 max tv\u00e5 utbetalningar per \u00e5r, i f\u00f6rskott. Den f\u00f6rsta utbetalningen avser sex m\u00e5nader och den andra avser resterande del av stipendie\u00e5ret. Den andra utbetalningen villkoras av att en kort l\u00e4gesrapport l\u00e4mnas till stiftelsen, med deadline fyra m\u00e5nader in i projektet.<\/p>\n<p>F\u00f6r ett helt stipendie\u00e5r blir s\u00e5ledes beloppsutbetalningarna:<\/p>\n<ul>\n<li>Den 25:e i m\u00e5nad 1: 201 000 kronor<\/li>\n<li>Den 25:e i m\u00e5nad 7: 201 000 kronor<\/li>\n<\/ul>\n<h4 class=\"fusion-responsive-typography-calculated\" style=\"--fontsize: 18;line-height: 1.5;--minfontsize: 18\" data-fontsize=\"18\" data-lineheight=\"27px\">F\u00f6rsta stipendieutbetalningen och projektstart<\/h4>\n<p>Stipendiet kan b\u00f6rja lyftas tidigast i maj det \u00e5r d\u00e5 ans\u00f6kan inkommit och blivit beviljad. Om projektstart planeras eller blir framskjuten till senare \u00e4n april n\u00e4stkommande \u00e5r f\u00f6rfaller beviljat stipendium och ist\u00e4llet beh\u00f6ver en ny ans\u00f6kan g\u00f6ras vid kommande ans\u00f6kningsomg\u00e5ng, i januari\/februari p\u00e5f\u00f6ljande \u00e5r. Om s\u00f6kande \u00e4nnu var doktorand vid ans\u00f6kningstillf\u00e4llet m\u00e5ste dokumentation om doktorsexamen presenteras f\u00f6re f\u00f6rsta utbetalning.<\/p>\n<h3 class=\"fusion-responsive-typography-calculated\" style=\"--fontsize: 22;line-height: 1.5;--minfontsize: 22\" data-fontsize=\"22\" data-lineheight=\"33px\">Digitalt ans\u00f6kningsf\u00f6rfarande<\/h3>\n<p>Stiftelsen har ett digitalt ans\u00f6kningssystem &#8211; Researchweb. I det som f\u00f6ljer f\u00e5r du information om de olika stegen f\u00f6r att s\u00f6ka stipendium fr\u00e5n Lars Erik Lundbergs Stipendiestiftelse. Det \u00e4r viktigt att du l\u00e4ser instruktionerna innan du skapar konto, loggar in och p\u00e5b\u00f6rjar en ans\u00f6kan.<\/p>\n<p>Stiftelsen tar emot ans\u00f6kningar en g\u00e5ng per \u00e5r. Du ans\u00f6ker i v\u00e5rt digitala ans\u00f6kningssystem och ans\u00f6kningsperioden \u00f6ppnar <strong>1 JANUARI 2026<\/strong> kl. 00:01. Ans\u00f6kan ska vara stiftelsen tillhanda senast <strong>9 FEBRUARI 2026<\/strong>\u00a0kl. 23:59.<\/p>\n<p>Ans\u00f6kningsformul\u00e4ret kan \u00f6ppnas som en \u00f6vningsans\u00f6kan innan ans\u00f6kningsperiodens b\u00f6rjan, men \u00e4ndringar i formul\u00e4ret kommer inte g\u00e5 att spara f\u00f6rr\u00e4n efter \u00e5rsskiftet.<\/p>\n<p>F\u00f6r att komma till ans\u00f6kningssystemet klicka <strong><a href=\"https:\/\/www.researchweb.org\/is\/ls\/document\/255010\">h\u00e4r<\/a><\/strong> eller anv\u00e4nd knappen l\u00e4ngst upp till h\u00f6ger.<\/p>\n<p>F\u00f6r systemteknisk support; kontakta <a href=\"mailto:support@researchweb.org\">support@researchweb.org<\/a>.<\/p>\n<h3 class=\"fusion-responsive-typography-calculated\" style=\"--fontsize: 22;line-height: 1.5;--minfontsize: 22\" data-fontsize=\"22\" data-lineheight=\"33px\">Skapa anv\u00e4ndarkonto<\/h3>\n<p>F\u00f6r att kunna logga in f\u00f6rsta g\u00e5ngen beh\u00f6ver du skapa ett konto med personkort i systemet. Personkortet inneh\u00e5ller enkla fakta med dina kontaktuppgifter som namn, l\u00e4ros\u00e4te och e-postadress. Ange alltid \u00e4ven alternativ e-postadress. I samband med detta beh\u00f6ver du godk\u00e4nna ett samtyckesavtal f\u00f6r behandling av personuppgifter.<\/p>\n<p>Klicka p\u00e5 &#8221;Logga in&#8221; och \u201dSkapa ny anv\u00e4ndare\u201d, fyll i formul\u00e4ret f\u00f6r personkort enligt instruktionerna och klicka p\u00e5 \u201dRegistrera\u201d. Ett e-postmeddelande skickas till dig med inloggningsuppgifter, inkl. ett tillf\u00e4lligt l\u00f6senord. F\u00f6lj instruktionerna f\u00f6r att skapa kontot.<\/p>\n<p>F\u00f6r att byta till eget l\u00f6senord g\u00e5 till &#8221;Min profil&#8221; och &#8221;L\u00f6senord&#8221;. N\u00e4r du skapar ett nytt l\u00f6senord skall det inneh\u00e5lla minst \u00e5tta (8) tecken, varav minst sex (6) olika tecken, och l\u00f6senordet m\u00e5ste inneh\u00e5lla minst en versal (stor bokstav) och tv\u00e5 siffror (0-9).<\/p>\n<p>Forts\u00e4ttningsvis loggar du in med din e-postadress och ditt l\u00f6senord.<\/p>\n<h3 class=\"fusion-responsive-typography-calculated\" style=\"--fontsize: 22;line-height: 1.5;--minfontsize: 22\" data-fontsize=\"22\" data-lineheight=\"33px\">Skapa ans\u00f6kan<\/h3>\n<p>Som inloggad i systemet \u00f6ppnar du ans\u00f6kningsformul\u00e4r f\u00f6r Postdoc-stipendium. I samband med detta beh\u00f6ver du godk\u00e4nna ett samtyckesavtal f\u00f6r lagring och behandling av personuppgifter i ans\u00f6kningsformul\u00e4ret.<\/p>\n<p>Fyll i ans\u00f6kningsformul\u00e4ret p\u00e5 sk\u00e4rmen enligt instruktionerna.<\/p>\n<p><strong>Exempel p\u00e5 uppgifter som ska anges \u00e4r:<\/strong><\/p>\n<ul>\n<li>Kort fakta om s\u00f6kandes doktorandprojekt och nuvarande syssels\u00e4ttning.<\/li>\n<li>\u00d6vergripande information om det planerade postdoc-arbetet under stipendie\u00e5ret; bland annat \u00e4mne\/titel, plats\/platser, datum, bakgrund, syfte och metod.<\/li>\n<li>S\u00f6kt belopp.<\/li>\n<\/ul>\n<p><strong>Bifoga de obligatoriska PDF-dokumenten:<\/strong><\/p>\n<ul>\n<li>Doktorsbevis \u2013 Bifoga dokument som styrker att doktorsexamen finns eller att disputation \u00e4r planerad innan postdoc-projektet avses starta.<\/li>\n<li>Inbjudan fr\u00e5n mottagande institution\/institutioner. &#8211; Inbjudan ska inneh\u00e5lla f\u00f6rs\u00e4kran om att man erbjuder grundl\u00e4ggande resurser p\u00e5 plats f\u00f6r postdoc. Detta ska vara undertecknat av Prefekt eller annan f\u00f6rest\u00e5ndare p\u00e5 den\/de institution d\u00e4r postdoktorn ska vistas.<\/li>\n<li>F\u00f6rs\u00e4kran fr\u00e5n den person som ska vara v\u00e4rd f\u00f6r Postdoc om att ta ansvar f\u00f6r mottagandet.<\/li>\n<li>Den s\u00f6kandes CV.<\/li>\n<li>Publikationslista.<\/li>\n<\/ul>\n<p>Stiftelsen f\u00f6ruts\u00e4tter att den som s\u00f6ker och den som skriver p\u00e5 inbjudan\/f\u00f6rs\u00e4kran har tagit reda p\u00e5 vilka regler som g\u00e4ller f\u00f6r stipendiefinansierad Postdoc p\u00e5 den aktuella institutionen.<\/p>\n<p>Om postdoc planerar vistelse p\u00e5 mer \u00e4n en plats s\u00e5 ska n\u00f6dv\u00e4ndiga dokument presenteras fr\u00e5n varje plats.<\/p>\n<p><strong>Bifoga i f\u00f6rekommande fall de ej obligatoriska PDF-dokumenten:<\/strong><\/p>\n<ul>\n<li>Om postdoc helt eller delvis ska bedrivas utomlands &#8211; Referens\/rekommendationsbrev fr\u00e5n en h\u00f6gskolekontakt i Sverige, d\u00e4r det f\u00f6rklaras p\u00e5 vilket s\u00e4tt denna postdoc med f\u00f6rdel bedrivs utomlands. Till exempel: Vad finns det att h\u00e4mta? Vilka kontakter finns det att skapa? Finns det en framtid i Sverige f\u00f6r den som har f\u00e5tt dessa erfarenheter?<\/li>\n<li>Individuell studie-\/utvecklingsplan bifogas om en s\u00e5dan finns.<\/li>\n<li>Projektbilaga \u2013 Inneh\u00e5llande bilder, figurer etc. som eventuellt \u00e4r n\u00f6dv\u00e4ndiga f\u00f6r att f\u00f6rst\u00e5 projektet.<\/li>\n<li>Om stipendiaten s\u00f6ker postdoc-stipendium f\u00f6r ett andra \u00e5r s\u00e5 ska en avrapportering av dagsl\u00e4get i det p\u00e5g\u00e5ende projektet bifogas.<\/li>\n<\/ul>\n<p>Ans\u00f6kningsformul\u00e4ret kan sparas och forts\u00e4ttas med vid annat tillf\u00e4lle. Fram till sista ans\u00f6kningsdagen kan en redan inskickad ans\u00f6kan \u00e4ndras och skickas in igen.<\/p>\n<h3 class=\"fusion-responsive-typography-calculated\" style=\"--fontsize: 22;line-height: 1.5;--minfontsize: 22\" data-fontsize=\"22\" data-lineheight=\"33px\">Beslutsprocessen<\/h3>\n<p>Det vetenskapliga utskottets granskning av inkomna ans\u00f6kningar sker under v\u00e5ren. Hur bed\u00f6mningen g\u00e5r till kan du l\u00e4sa mera om under BED\u00d6MNINGSGRUNDER &#8211; POSTDOC. Beslut om vilka s\u00f6kande som erbjuds stipendium fattas p\u00e5 stiftelsens styrelsem\u00f6te i april. S\u00f6kande erh\u00e5ller besked via e-post snarast efter beslutet \u00e4r fattat.<\/p>\n<p>S\u00f6kande som blir erbjudna stipendium ska bekr\u00e4fta att de accepterar stipendiet. Instruktioner f\u00f6r detta finns under sidan F\u00d6R STIPENDIATER &#8211; POSTDOC.<\/p>\n<\/div><div class=\"fusion-clearfix\"><\/div><\/div><\/div><\/div><\/div>\n","protected":false},"excerpt":{"rendered":"","protected":false},"author":1,"featured_media":0,"parent":0,"menu_order":0,"comment_status":"closed","ping_status":"closed","template":"","meta":{"footnotes":""},"class_list":["post-1475","page","type-page","status-publish","hentry"],"_links":{"self":[{"href":"https:\/\/www.lundbergsstiftelserna.se\/stipendiestiftelsen\/wp-json\/wp\/v2\/pages\/1475","targetHints":{"allow":["GET"]}}],"collection":[{"href":"https:\/\/www.lundbergsstiftelserna.se\/stipendiestiftelsen\/wp-json\/wp\/v2\/pages"}],"about":[{"href":"https:\/\/www.lundbergsstiftelserna.se\/stipendiestiftelsen\/wp-json\/wp\/v2\/types\/page"}],"author":[{"embeddable":true,"href":"https:\/\/www.lundbergsstiftelserna.se\/stipendiestiftelsen\/wp-json\/wp\/v2\/users\/1"}],"replies":[{"embeddable":true,"href":"https:\/\/www.lundbergsstiftelserna.se\/stipendiestiftelsen\/wp-json\/wp\/v2\/comments?post=1475"}],"version-history":[{"count":40,"href":"https:\/\/www.lundbergsstiftelserna.se\/stipendiestiftelsen\/wp-json\/wp\/v2\/pages\/1475\/revisions"}],"predecessor-version":[{"id":2268,"href":"https:\/\/www.lundbergsstiftelserna.se\/stipendiestiftelsen\/wp-json\/wp\/v2\/pages\/1475\/revisions\/2268"}],"wp:attachment":[{"href":"https:\/\/www.lundbergsstiftelserna.se\/stipendiestiftelsen\/wp-json\/wp\/v2\/media?parent=1475"}],"curies":[{"name":"wp","href":"https:\/\/api.w.org\/{rel}","templated":true}]}}