{"id":1502,"date":"2024-11-15T11:21:12","date_gmt":"2024-11-15T10:21:12","guid":{"rendered":"https:\/\/www.lundbergsstiftelserna.se\/stipendiestiftelsen\/?page_id=1502"},"modified":"2024-11-20T17:25:37","modified_gmt":"2024-11-20T16:25:37","slug":"for-postdocstipendiater","status":"publish","type":"page","link":"https:\/\/www.lundbergsstiftelserna.se\/stipendiestiftelsen\/for-postdocstipendiater\/","title":{"rendered":"F\u00f6r postdocstipendiater"},"content":{"rendered":"<div class=\"fusion-fullwidth fullwidth-box fusion-builder-row-1 nonhundred-percent-fullwidth non-hundred-percent-height-scrolling\" style=\"--awb-background-position:left top;--awb-border-sizes-top:0px;--awb-border-sizes-bottom:0px;--awb-border-sizes-left:0px;--awb-border-sizes-right:0px;--awb-border-radius-top-left:0px;--awb-border-radius-top-right:0px;--awb-border-radius-bottom-right:0px;--awb-border-radius-bottom-left:0px;--awb-padding-top:20px;--awb-padding-bottom:20px;--awb-flex-wrap:wrap;\" ><div class=\"fusion-builder-row fusion-row\"><div class=\"fusion-layout-column fusion_builder_column fusion-builder-column-0 fusion_builder_column_1_1 1_1 fusion-one-full fusion-column-first fusion-column-last fusion-column-no-min-height\" style=\"--awb-bg-size:cover;--awb-margin-bottom:0px;\"><div class=\"fusion-column-wrapper fusion-flex-column-wrapper-legacy\"><div class=\"fusion-sep-clear\"><\/div><div class=\"fusion-separator fusion-full-width-sep page-margin-top\" style=\"margin-left: auto;margin-right: auto;margin-top:150px;width:100%;\"><\/div><div class=\"fusion-sep-clear\"><\/div><div class=\"fusion-clearfix\"><\/div><\/div><\/div><div class=\"fusion-layout-column fusion_builder_column fusion-builder-column-1 fusion_builder_column_2_3 2_3 fusion-two-third fusion-column-first page-text-box\" style=\"--awb-bg-size:cover;width:65.3333%; margin-right: 4%;\"><div class=\"fusion-column-wrapper fusion-flex-column-wrapper-legacy\"><div class=\"fusion-title title fusion-title-1 sep-underline sep-solid fusion-title-text fusion-title-size-one\" style=\"--awb-sep-color:#1b1b1b;\"><h1 class=\"fusion-title-heading title-heading-left fusion-responsive-typography-calculated\" style=\"margin:0;--fontSize:36;line-height:1.4;\">F\u00f6r postdocstipendiater<\/h1><\/div><div class=\"fusion-text fusion-text-1\"><p><strong class=\"uppercase-intro\">H\u00e4r finner du information<\/strong> om vad som g\u00e4ller f\u00f6r dig som \u00e4r beviljad postdoc-stipendiat och vad ett stipendium fr\u00e5n L E Lundbergs Stipendiestiftelse inneb\u00e4r.<\/p>\n<\/div><div class=\"fusion-sep-clear\"><\/div><div class=\"fusion-separator fusion-full-width-sep\" style=\"margin-left: auto;margin-right: auto;margin-top:30px;width:100%;\"><\/div><div class=\"fusion-sep-clear\"><\/div><div class=\"fusion-title title fusion-title-2 fusion-sep-none fusion-title-text fusion-title-size-two\" style=\"--awb-margin-bottom:5px;\"><h2 class=\"fusion-title-heading title-heading-left fusion-responsive-typography-calculated\" style=\"margin:0;--fontSize:30;line-height:1.5;\">Bekr\u00e4ftelse av beviljat stipendium<\/h2><\/div><div class=\"fusion-text fusion-text-2\"><p>N\u00e4r du under april m\u00e5nad via e-post f\u00e5tt besked om att du blivit beviljad ett erbjudande om stipendium, s\u00e5 beh\u00f6ver stiftelsen ett antal saker fr\u00e5n dig f\u00f6r att utbetalning ska kunna ske.<\/p>\n<p>Logga in p\u00e5 ditt konto i ans\u00f6kningssystemet via knappen nedan. F\u00f6lj l\u00e4nken \u201dDu har beviljats en stipendieans\u00f6kan, klicka h\u00e4r f\u00f6r att g\u00e5 vidare\u201d.<\/p>\n<p><img decoding=\"async\" class=\"wp-image-2148 size-full alignnone\" src=\"https:\/\/www.lundbergsstiftelserna.se\/stipendiestiftelsen\/wp-content\/uploads\/sites\/2\/2024\/11\/Lank-beviljat-stipendium-postdoc-Sv-linje.png\" alt=\"\" width=\"586\" height=\"67\" srcset=\"https:\/\/www.lundbergsstiftelserna.se\/stipendiestiftelsen\/wp-content\/uploads\/sites\/2\/2024\/11\/Lank-beviljat-stipendium-postdoc-Sv-linje-200x23.png 200w, https:\/\/www.lundbergsstiftelserna.se\/stipendiestiftelsen\/wp-content\/uploads\/sites\/2\/2024\/11\/Lank-beviljat-stipendium-postdoc-Sv-linje-300x34.png 300w, https:\/\/www.lundbergsstiftelserna.se\/stipendiestiftelsen\/wp-content\/uploads\/sites\/2\/2024\/11\/Lank-beviljat-stipendium-postdoc-Sv-linje-400x46.png 400w, https:\/\/www.lundbergsstiftelserna.se\/stipendiestiftelsen\/wp-content\/uploads\/sites\/2\/2024\/11\/Lank-beviljat-stipendium-postdoc-Sv-linje.png 586w\" sizes=\"(max-width: 586px) 100vw, 586px\" \/><\/p>\n<p>Kontrollera de f\u00f6rslag p\u00e5 utbetalningsplan och rapportplan som \u00e4r uppr\u00e4ttade. De g\u00e5r att se i bekr\u00e4ftelsebrevet. S\u00e4kerst\u00e4ll att du vid stipendiestart kommer vara p\u00e5 plats f\u00f6r att p\u00e5b\u00f6rja ditt postdoc-projekt.<\/p>\n<p>F\u00f6rslagen bygger p\u00e5 start- och slutdatum f\u00f6r stipendie\u00e5ret som angavs i ans\u00f6kan, samt stiftelsens regler om max tv\u00e5 utbetalningar under ett stipendie\u00e5r, varav den andra utbetalningen \u00e4r villkorad av en godk\u00e4nd l\u00e4gesrapport.<\/p>\n<p>Om f\u00f6r\u00e4ndringar beh\u00f6ver g\u00f6ras i utbetalnings- eller rapportplan, meddela administrat\u00f6ren per e-post (<strong><a href=\"mailto:stipendiestiftelsen@lundbergs.se\">stipendiestiftelsen@lundbergs.se<\/a><\/strong>) och be om ett reviderat f\u00f6rslag. Observera att stipendiet kan b\u00f6rja lyftas tidigast maj det \u00e5r d\u00e5 ans\u00f6kan inkommit och blivit beviljad, och som senast p\u00e5b\u00f6rjas i april n\u00e4stkommande \u00e5r. Om projektstart planeras eller blir framskjuten till senare \u00e4n april n\u00e4stkommande \u00e5r f\u00f6rfaller beviljat stipendium och ist\u00e4llet beh\u00f6ver en ny ans\u00f6kan g\u00f6ras vid kommande ans\u00f6kningsomg\u00e5ng; januari\/februari p\u00e5f\u00f6ljande \u00e5r.<\/p>\n<ul>\n<li>Ange dina bankkontouppgifter, dit stipendieutbetalningarna ska ske, i avsedda f\u00e4lt i ans\u00f6kningssystemet.<\/li>\n<li>Skriv ut bekr\u00e4ftelsebrevet d\u00e4r de \u00f6verenskomna utbetalnings- och rapportplanerna st\u00e5r angivna. Skriv under brevet p\u00e5 avsedd rad. E-signering accepteras.<\/li>\n<li>Skanna det underskrivna bekr\u00e4ftelsebrevet och skicka in filen som PDF genom att ladda upp den via ditt konto i ans\u00f6kningssystemet.<\/li>\n<\/ul>\n<p>Dessa moment \u00f6nskar stiftelsen blir gjorda s\u00e5 snart det \u00e4r m\u00f6jligt efter besked om beviljad ans\u00f6kan.<\/p>\n<ul>\n<li>Om s\u00f6kande \u00e4nnu var doktorand vid ans\u00f6kningstillf\u00e4llet m\u00e5ste dokumentation om doktorsexamen presenteras <strong>f\u00f6re f\u00f6rsta utbetalningen<\/strong>. S\u00e5dan dokumentation laddas ocks\u00e5 upp via kontot i ans\u00f6kningssystemet. Detta kan g\u00f6ras i ett senare skede n\u00e4r dokumentationen finns tillg\u00e4nglig.<\/li>\n<\/ul>\n<p>Nu tas stipendiet i bruk och utbetalningsplanerna aktiveras.<\/p>\n<\/div><div class=\"fusion-button-wrapper\"><a class=\"fusion-button button-flat fusion-button-default-size button-default fusion-button-default button-1 fusion-button-default-span fusion-button-default-type\" target=\"_self\" href=\"https:\/\/www.researchweb.org\/is\/ls\/document\/255010\"><span class=\"fusion-button-text awb-button__text awb-button__text--default\">Bekr\u00e4fta postdocstipendium<\/span><\/a><\/div><div class=\"fusion-sep-clear\"><\/div><div class=\"fusion-separator fusion-full-width-sep\" style=\"margin-left: auto;margin-right: auto;margin-top:30px;width:100%;\"><\/div><div class=\"fusion-sep-clear\"><\/div><div class=\"fusion-title title fusion-title-3 fusion-sep-none fusion-title-text fusion-title-size-two\" style=\"--awb-margin-bottom:5px;\"><h2 class=\"fusion-title-heading title-heading-left fusion-responsive-typography-calculated\" style=\"margin:0;--fontSize:30;line-height:1.5;\">Rapportering till stiftelsen<\/h2><\/div><div class=\"fusion-text fusion-text-3\"><p>Stiftelsen f\u00f6rbeh\u00e5ller sig r\u00e4tten till insyn i och information om stipendiaternas arbete. Bland annat f\u00f6ljs projekten upp genom att efterfr\u00e5ga rapportering tv\u00e5 g\u00e5nger om \u00e5ret, enligt den \u00f6verenskomna rapportplanen.<\/p>\n<p>Fyra m\u00e5nader in i stipendie\u00e5ret ska stipendiaten l\u00e4mna en L\u00c4GESRAPPORT. N\u00e4r den inkommit och godk\u00e4nts av stiftelsens granskare s\u00e5 kan den andra stipendieutbetalningen utf\u00f6ras. I slutet p\u00e5 stipendie\u00e5ret l\u00e4mnas en SLUTRAPPORT f\u00f6r stipendiet.<\/p>\n<p>Rapporten ska vara stiftelsen till handa senast sista dagen i rapporteringsm\u00e5naden, enligt tidplanen.<\/p>\n<h3>Hur rapporteringen g\u00e5r till<\/h3>\n<p>Rapporteringen g\u00f6rs genom stipendiatens konto i det digitala ans\u00f6kningssystemet, i avsett formul\u00e4r.<\/p>\n<p>Ca 30 dagar innan deadline kommer ett automatiskt p\u00e5minnelsemejl skickas till stipendiaten fr\u00e5n systemet.<\/p>\n<p>F\u00f6r att komma till rapportformul\u00e4ren; anv\u00e4nd knappen nedan f\u00f6r att komma till ans\u00f6kningssystemets startsida. Logga in p\u00e5 ditt konto i systemet. F\u00f6lj l\u00e4nken \u201dDu har beviljats ett stipendium, klicka h\u00e4r f\u00f6r att g\u00e5 vidare\u201d.<\/p>\n<p><img decoding=\"async\" class=\"size-full wp-image-2148 alignnone\" src=\"https:\/\/www.lundbergsstiftelserna.se\/stipendiestiftelsen\/wp-content\/uploads\/sites\/2\/2024\/11\/Lank-beviljat-stipendium-postdoc-Sv-linje.png\" alt=\"\" width=\"586\" height=\"67\" srcset=\"https:\/\/www.lundbergsstiftelserna.se\/stipendiestiftelsen\/wp-content\/uploads\/sites\/2\/2024\/11\/Lank-beviljat-stipendium-postdoc-Sv-linje-200x23.png 200w, https:\/\/www.lundbergsstiftelserna.se\/stipendiestiftelsen\/wp-content\/uploads\/sites\/2\/2024\/11\/Lank-beviljat-stipendium-postdoc-Sv-linje-300x34.png 300w, https:\/\/www.lundbergsstiftelserna.se\/stipendiestiftelsen\/wp-content\/uploads\/sites\/2\/2024\/11\/Lank-beviljat-stipendium-postdoc-Sv-linje-400x46.png 400w, https:\/\/www.lundbergsstiftelserna.se\/stipendiestiftelsen\/wp-content\/uploads\/sites\/2\/2024\/11\/Lank-beviljat-stipendium-postdoc-Sv-linje.png 586w\" sizes=\"(max-width: 586px) 100vw, 586px\" \/><\/p>\n<p>\u00d6ppna formul\u00e4r f\u00f6r l\u00e4gesrapport eller slutrapport. Fyll i formul\u00e4ret och bifoga PDF-dokument enligt instruktionerna.<\/p>\n<p>I formul\u00e4ret f\u00f6r l\u00e4gesrapport eller slutrapport finns f\u00e4lt avsedda f\u00f6r en kortfattad, l\u00e4ttillg\u00e4nglig sammanfattning av uppn\u00e5dda resultat, dels p\u00e5 svenska och dels p\u00e5 engelska. Den utg\u00f6r ett viktigt minireferat av projektet och b\u00f6r kunna publiceras p\u00e5 stiftelsens hemsida. Sammanfattningen m\u00e5ste kunna l\u00e4sas frist\u00e5ende, varf\u00f6r inga h\u00e4nvisningar f\u00e5r g\u00f6ras till l\u00e4ges- eller slutrapport och bilagor.<\/p>\n<p>Rapporten kan sparas och forts\u00e4ttas med vid annat tillf\u00e4lle. N\u00e4r rapporten skickats in till stiftelsen kan den inte \u00e4ndras.<\/p>\n<\/div><div class=\"fusion-button-wrapper\"><a class=\"fusion-button button-flat fusion-button-default-size button-default fusion-button-default button-2 fusion-button-default-span fusion-button-default-type\" target=\"_self\" href=\"https:\/\/www.researchweb.org\/is\/ls\/document\/255010\"><span class=\"fusion-button-text awb-button__text awb-button__text--default\">L\u00e4mna rapport f\u00f6r postdoc-stipendium<\/span><\/a><\/div><div class=\"fusion-sep-clear\"><\/div><div class=\"fusion-separator fusion-full-width-sep\" style=\"margin-left: auto;margin-right: auto;margin-top:45px;width:100%;\"><\/div><div class=\"fusion-sep-clear\"><\/div><div class=\"fusion-title title fusion-title-4 fusion-sep-none fusion-title-text fusion-title-size-two\" style=\"--awb-margin-bottom:5px;\"><h2 class=\"fusion-title-heading title-heading-left fusion-responsive-typography-calculated\" style=\"margin:0;--fontSize:30;line-height:1.5;\">Allm\u00e4nt<\/h2><\/div><div class=\"fusion-text fusion-text-4\"><h3>Vad \u00e4r ett Lundbergsstipendium?<\/h3>\n<p>Ett stipendium fr\u00e5n L E Lundbergs Stipendiestiftelse g\u00e5r till en postdoktor som \u00e4r utan anst\u00e4llning eller annan finansiering, f\u00f6r att t\u00e4cka dennes personliga levnadsomkostnader, ist\u00e4llet f\u00f6r l\u00f6n. Bidrag ges s\u00e5ledes inte f\u00f6r grundutbildning, till h\u00f6gskoleinstitutioner, till doktorander, eller till postdoktorer som \u00e4r fullt finansierade genom anst\u00e4llning eller p\u00e5 annat s\u00e4tt.<\/p>\n<p>Stipendiet \u00e4r personligt och skattefritt, men det ger \u00e5 andra sidan inga sociala f\u00f6rm\u00e5ner eller f\u00f6rs\u00e4kringar.\u00a0Stipendiaten rekommenderas unders\u00f6ka om f\u00f6rs\u00e4kring f\u00f6r postdoc med stipendiefinansiering tecknas genom l\u00e4ros\u00e4tet, alternativt teckna f\u00f6rs\u00e4kring sj\u00e4lv.<\/p>\n<p>Stipendiet s\u00f6ks f\u00f6r max tolv m\u00e5nader och betalas f\u00f6r stipendier beviljade i maj 2024 ut tv\u00e5 g\u00e5nger under \u00e5ret med belopp motsvarande max 32 000 kronor per m\u00e5nad. F\u00f6r ett hel\u00e5r inneb\u00e4r det tv\u00e5 utbetalningar \u00e1 192 000 kronor, med sex m\u00e5naders mellanrum.<\/p>\n<h3>M\u00f6jlighet att f\u00e5 ytterligare stipendium<\/h3>\n<p>Forts\u00e4ttningsstipendium f\u00f6r ett andra \u00e5r kan komma ifr\u00e5ga. En ny ans\u00f6kan beh\u00f6ver d\u00e5 skickas in till stiftelsen under n\u00e4sta \u00e5rs ans\u00f6kningsperiod i januari\/februari.<\/p>\n<p>Till ans\u00f6kan ska d\u00e5 bifogas en avrapportering av dagsl\u00e4get i det p\u00e5g\u00e5ende projektet.<\/p>\n<p>Stipendium beviljas s\u00e5ledes inte f\u00f6r l\u00e4ngre tid \u00e4n totalt tv\u00e5 \u00e5r.<\/p>\n<h3>Anst\u00e5nd och m\u00f6jlighet att justera utbetalnings- och rapportplan<\/h3>\n<p>Om det f\u00f6religger n\u00e5gon anledning att g\u00f6ra uppeh\u00e5ll i postdoc-projektet under begr\u00e4nsad tid, t.ex. kortare annan projektanst\u00e4llning, f\u00f6r\u00e4ldraledighet eller sjukdom, s\u00e5 finns m\u00f6jlighet att ans\u00f6ka om anst\u00e5nd fr\u00e5n stiftelsens administration, s\u00e5 snart detta \u00e4r k\u00e4nt. Dock finns en \u00f6vre gr\u00e4ns f\u00f6r hur l\u00e4nge ett stipendium kan skjutas upp. Stipendiet kan maximalt skjutas upp totalt tolv m\u00e5nader fr\u00e5n tidpunkten d\u00e5 det beviljades. S\u00e5ledes m\u00e5ste ett hel\u00e5rsstipendium vara helt utbetalt senast i april tv\u00e5 \u00e5r efter det beviljades.<\/p>\n<p>Vid godk\u00e4nt uppskov g\u00f6rs f\u00f6rskjutningar i utbetalningsplan och rapportplan enligt \u00f6verenskommelse. N\u00e4r tiden b\u00f6rjar n\u00e4rma sig f\u00f6r att \u00e5teruppta postdoc-projektet, b\u00f6r kontakt i god tid tas med administrationen f\u00f6r att s\u00e4kerst\u00e4lla att utbetalnings- och rapportplan tas vid igen, vid r\u00e4tt tid.<\/p>\n<h3>Avbryta stipendium<\/h3>\n<p>Om stipendiaten f\u00e5r erbjudande om anst\u00e4llning fr\u00e5n l\u00e4ros\u00e4tet, eller annan finansiering f\u00f6r sitt uppeh\u00e4lle, under postdoc-projektets g\u00e5ng, och d\u00e4rmed vill avbryta sitt stipendium, ska stipendiaten meddela detta till stiftelsens administration, i s\u00e5 god tid som m\u00f6jligt. Stiftelsen \u00f6nskar d\u00e5 en avrapportering om projektl\u00e4get vid tiden f\u00f6r stipendiets upph\u00f6rande.<\/p>\n<\/div><div class=\"fusion-clearfix\"><\/div><\/div><\/div><div class=\"fusion-layout-column fusion_builder_column fusion-builder-column-2 fusion_builder_column_1_3 1_3 fusion-one-third fusion-column-last image-box\" style=\"--awb-bg-size:cover;width:30.6666%;\"><div class=\"fusion-column-wrapper fusion-flex-column-wrapper-legacy\"><div class=\"fusion-image-element in-legacy-container\" style=\"--awb-caption-title-font-family:var(--h2_typography-font-family);--awb-caption-title-font-weight:var(--h2_typography-font-weight);--awb-caption-title-font-style:var(--h2_typography-font-style);--awb-caption-title-size:var(--h2_typography-font-size);--awb-caption-title-transform:var(--h2_typography-text-transform);--awb-caption-title-line-height:var(--h2_typography-line-height);--awb-caption-title-letter-spacing:var(--h2_typography-letter-spacing);\"><span class=\" fusion-imageframe imageframe-none imageframe-1 hover-type-none\"><img decoding=\"async\" width=\"820\" height=\"1014\" title=\"andamal-inriktning\" src=\"https:\/\/www.lundbergsstiftelserna.se\/stipendiestiftelsen\/wp-content\/uploads\/sites\/2\/2016\/09\/andamal-inriktning.jpg\" alt class=\"img-responsive wp-image-813\" srcset=\"https:\/\/www.lundbergsstiftelserna.se\/stipendiestiftelsen\/wp-content\/uploads\/sites\/2\/2016\/09\/andamal-inriktning-200x247.jpg 200w, https:\/\/www.lundbergsstiftelserna.se\/stipendiestiftelsen\/wp-content\/uploads\/sites\/2\/2016\/09\/andamal-inriktning-400x495.jpg 400w, https:\/\/www.lundbergsstiftelserna.se\/stipendiestiftelsen\/wp-content\/uploads\/sites\/2\/2016\/09\/andamal-inriktning-600x742.jpg 600w, https:\/\/www.lundbergsstiftelserna.se\/stipendiestiftelsen\/wp-content\/uploads\/sites\/2\/2016\/09\/andamal-inriktning-800x989.jpg 800w, https:\/\/www.lundbergsstiftelserna.se\/stipendiestiftelsen\/wp-content\/uploads\/sites\/2\/2016\/09\/andamal-inriktning.jpg 820w\" sizes=\"(max-width: 800px) 100vw, 400px\" \/><\/span><\/div><div class=\"fusion-sep-clear\"><\/div><div class=\"fusion-separator fusion-full-width-sep\" style=\"margin-left: auto;margin-right: auto;margin-top:30px;width:100%;\"><\/div><div class=\"fusion-sep-clear\"><\/div><div class=\"fusion-image-element in-legacy-container\" style=\"--awb-caption-title-font-family:var(--h2_typography-font-family);--awb-caption-title-font-weight:var(--h2_typography-font-weight);--awb-caption-title-font-style:var(--h2_typography-font-style);--awb-caption-title-size:var(--h2_typography-font-size);--awb-caption-title-transform:var(--h2_typography-text-transform);--awb-caption-title-line-height:var(--h2_typography-line-height);--awb-caption-title-letter-spacing:var(--h2_typography-letter-spacing);\"><span class=\" fusion-imageframe imageframe-none imageframe-2 hover-type-none\"><img decoding=\"async\" width=\"820\" height=\"1014\" title=\"for-anslagsmottagare1\" src=\"https:\/\/www.lundbergsstiftelserna.se\/stipendiestiftelsen\/wp-content\/uploads\/sites\/2\/2016\/09\/for-anslagsmottagare1.jpg\" alt class=\"img-responsive wp-image-815\" srcset=\"https:\/\/www.lundbergsstiftelserna.se\/stipendiestiftelsen\/wp-content\/uploads\/sites\/2\/2016\/09\/for-anslagsmottagare1-200x247.jpg 200w, https:\/\/www.lundbergsstiftelserna.se\/stipendiestiftelsen\/wp-content\/uploads\/sites\/2\/2016\/09\/for-anslagsmottagare1-400x495.jpg 400w, https:\/\/www.lundbergsstiftelserna.se\/stipendiestiftelsen\/wp-content\/uploads\/sites\/2\/2016\/09\/for-anslagsmottagare1-600x742.jpg 600w, https:\/\/www.lundbergsstiftelserna.se\/stipendiestiftelsen\/wp-content\/uploads\/sites\/2\/2016\/09\/for-anslagsmottagare1-800x989.jpg 800w, https:\/\/www.lundbergsstiftelserna.se\/stipendiestiftelsen\/wp-content\/uploads\/sites\/2\/2016\/09\/for-anslagsmottagare1.jpg 820w\" sizes=\"(max-width: 800px) 100vw, 400px\" \/><\/span><\/div><div class=\"fusion-clearfix\"><\/div><\/div><\/div><\/div><\/div>\n","protected":false},"excerpt":{"rendered":"","protected":false},"author":1,"featured_media":0,"parent":0,"menu_order":1,"comment_status":"closed","ping_status":"closed","template":"","meta":{"footnotes":""},"class_list":["post-1502","page","type-page","status-publish","hentry"],"_links":{"self":[{"href":"https:\/\/www.lundbergsstiftelserna.se\/stipendiestiftelsen\/wp-json\/wp\/v2\/pages\/1502","targetHints":{"allow":["GET"]}}],"collection":[{"href":"https:\/\/www.lundbergsstiftelserna.se\/stipendiestiftelsen\/wp-json\/wp\/v2\/pages"}],"about":[{"href":"https:\/\/www.lundbergsstiftelserna.se\/stipendiestiftelsen\/wp-json\/wp\/v2\/types\/page"}],"author":[{"embeddable":true,"href":"https:\/\/www.lundbergsstiftelserna.se\/stipendiestiftelsen\/wp-json\/wp\/v2\/users\/1"}],"replies":[{"embeddable":true,"href":"https:\/\/www.lundbergsstiftelserna.se\/stipendiestiftelsen\/wp-json\/wp\/v2\/comments?post=1502"}],"version-history":[{"count":18,"href":"https:\/\/www.lundbergsstiftelserna.se\/stipendiestiftelsen\/wp-json\/wp\/v2\/pages\/1502\/revisions"}],"predecessor-version":[{"id":2158,"href":"https:\/\/www.lundbergsstiftelserna.se\/stipendiestiftelsen\/wp-json\/wp\/v2\/pages\/1502\/revisions\/2158"}],"wp:attachment":[{"href":"https:\/\/www.lundbergsstiftelserna.se\/stipendiestiftelsen\/wp-json\/wp\/v2\/media?parent=1502"}],"curies":[{"name":"wp","href":"https:\/\/api.w.org\/{rel}","templated":true}]}}