{"id":20,"date":"2016-08-19T09:42:16","date_gmt":"2016-08-19T07:42:16","guid":{"rendered":"http:\/\/lundbergsstiftelserna.etendo.se\/stipendiestiftelsen\/?page_id=20"},"modified":"2021-04-12T10:01:32","modified_gmt":"2021-04-12T08:01:32","slug":"ursprung","status":"publish","type":"page","link":"https:\/\/www.lundbergsstiftelserna.se\/stipendiestiftelsen\/ursprung\/","title":{"rendered":"Ursprung"},"content":{"rendered":"<div class=\"fusion-fullwidth fullwidth-box fusion-builder-row-1 nonhundred-percent-fullwidth non-hundred-percent-height-scrolling\" style=\"--awb-background-position:left top;--awb-border-radius-top-left:0px;--awb-border-radius-top-right:0px;--awb-border-radius-bottom-right:0px;--awb-border-radius-bottom-left:0px;--awb-padding-top:20px;--awb-padding-bottom:20px;--awb-border-sizes-top:0px;--awb-border-sizes-bottom:0px;--awb-flex-wrap:wrap;\" ><div class=\"fusion-builder-row fusion-row\"><div class=\"fusion-layout-column fusion_builder_column fusion-builder-column-0 fusion_builder_column_1_1 1_1 fusion-one-full fusion-column-first fusion-column-last fusion-column-no-min-height\" style=\"--awb-bg-size:cover;--awb-margin-bottom:0px;\"><div class=\"fusion-column-wrapper fusion-flex-column-wrapper-legacy\"><div class=\"fusion-sep-clear\"><\/div><div class=\"fusion-separator fusion-full-width-sep page-margin-top\" style=\"margin-left: auto;margin-right: auto;margin-top:150px;width:100%;\"><\/div><div class=\"fusion-sep-clear\"><\/div><div class=\"fusion-clearfix\"><\/div><\/div><\/div><div class=\"fusion-layout-column fusion_builder_column fusion-builder-column-1 fusion_builder_column_2_3 2_3 fusion-two-third fusion-column-first page-text-box\" style=\"--awb-bg-size:cover;width:65.3333%; margin-right: 4%;\"><div class=\"fusion-column-wrapper fusion-flex-column-wrapper-legacy\"><div class=\"fusion-title title fusion-title-1 sep-underline sep-solid fusion-title-text fusion-title-size-one\" style=\"--awb-sep-color:#1b1b1b;\"><h1 class=\"fusion-title-heading title-heading-left fusion-responsive-typography-calculated\" style=\"margin:0;--fontSize:36;line-height:1.4;\">Stiftelsens ursprung<\/h1><\/div><div class=\"fusion-text fusion-text-1\"><p><strong class=\"uppercase-intro\">Den 6 mars 1991<\/strong>, i samband med ordinarie bolagsst\u00e4mma, l\u00e4mnade Lars Erik Lundberg posten som styrelseordf\u00f6rande i L E Lundbergf\u00f6retagen AB. Lars Erik Lundberg grundade f\u00f6retaget \u00e5r 1944 och var i m\u00e5nga \u00e5r dess verkst\u00e4llande direkt\u00f6r och d\u00e4refter ordf\u00f6rande i styrelsen. F\u00f6r att hedra honom grundade bolaget Lars Erik Lundbergs Stipendiestiftelse \u2013 en stiftelse t\u00e4nkt att fr\u00e4mja forskning inom de \u00e4mnesomr\u00e5den som l\u00e5g Lars Erik Lundberg varmt om hj\u00e4rtat.<\/p>\n<p>Stiftelsens kapital utgjorde vid bildandet 10 miljoner kronor, \u00f6verl\u00e4mnade av L E Lundbergf\u00f6retagen AB. Under 1995 donerade Byggnadsfirma Oscar H Nord AB \u2013 ett av Lars Erik Lundberg hel\u00e4gt bolag \u2013 ytterligare 10 miljoner kronor till stiftelsen. Ett kapital som sedan dess fortsatt att v\u00e4xa under stiftelsens f\u00f6rvaltning.<\/p>\n<p><strong class=\"uppercase-intro\">Lars Erik Lundberg <\/strong>f\u00f6ddes den 4 juli 1920 i Norrk\u00f6ping d\u00e4r han ocks\u00e5 v\u00e4xte upp. Lars Erik utbildade sig till byggnadsingenj\u00f6r vid Stockholms Tekniska Institut. Efter utbildningen tog han en kortare tid anst\u00e4llning innan han startade sitt f\u00f6retag i Norrk\u00f6ping 1944. F\u00f6retaget fick namnet Byggnadsfirman L E Lundberg och ombildades 1946 till Byggnads AB L E Lundberg.<\/p>\n<p>Byggnads AB L E Lundbergs verksamhet inriktades mot bostadssektorn. Tomtmark f\u00f6rv\u00e4rvades och byggprojekt genomf\u00f6rdes, men ocks\u00e5 rena entreprenaduppdrag erh\u00f6lls. I b\u00f6rjan av 50-talet expanderade verksamheten geografiskt i Mellansverige, bland annat bildades 1952 AB Katrineholms Husbyggen.<\/p>\n<p>I slutet av decenniet beslutade Lars Erik att beh\u00e5lla en del av de fastigheter som byggdes. Det var starten till Lundbergs nuvarande fastighetsr\u00f6relse. Under 60-talet expanderade verksamheten vidare geografiskt till bland annat Stockholm, G\u00f6teborg och Malm\u00f6. Parallellt breddades verksamheten \u00e4ven produktm\u00e4ssigt med kontors- och aff\u00e4rshus. Fastighetsf\u00f6rvaltningen tillf\u00f6rdes under 60- och 70-talen ett stort antal nya projekt. I slutet av 60-talet inleddes ocks\u00e5 \u201dsm\u00e5husepoken\u201d, varf\u00f6r \u00e4ven den typen av produktion blev en viktig del av f\u00f6retagets verksamhet under 70-talet.<\/p>\n<p>D\u00e5 Lars Erik Lundberg l\u00e4mnade posten som verkst\u00e4llande direkt\u00f6r 1975 var Lundbergs ett av Sveriges mest framg\u00e5ngsrika f\u00f6retag inom bygg- och fastighetsbranschen.<\/p>\n<\/div><div class=\"fusion-clearfix\"><\/div><\/div><\/div><div class=\"fusion-layout-column fusion_builder_column fusion-builder-column-2 fusion_builder_column_1_3 1_3 fusion-one-third fusion-column-last image-box\" style=\"--awb-bg-size:cover;width:30.6666%;\"><div class=\"fusion-column-wrapper fusion-flex-column-wrapper-legacy\"><div class=\"fusion-image-element in-legacy-container\" style=\"--awb-caption-title-font-family:var(--h2_typography-font-family);--awb-caption-title-font-weight:var(--h2_typography-font-weight);--awb-caption-title-font-style:var(--h2_typography-font-style);--awb-caption-title-size:var(--h2_typography-font-size);--awb-caption-title-transform:var(--h2_typography-text-transform);--awb-caption-title-line-height:var(--h2_typography-line-height);--awb-caption-title-letter-spacing:var(--h2_typography-letter-spacing);\"><span class=\" fusion-imageframe imageframe-none imageframe-1 hover-type-none\"><img decoding=\"async\" width=\"820\" height=\"1016\" title=\"l-e-lundberg\" src=\"https:\/\/www.lundbergsstiftelserna.se\/stipendiestiftelsen\/wp-content\/uploads\/sites\/2\/2016\/08\/l-e-lundberg.jpg\" alt class=\"img-responsive wp-image-131\" srcset=\"https:\/\/www.lundbergsstiftelserna.se\/stipendiestiftelsen\/wp-content\/uploads\/sites\/2\/2016\/08\/l-e-lundberg-200x248.jpg 200w, https:\/\/www.lundbergsstiftelserna.se\/stipendiestiftelsen\/wp-content\/uploads\/sites\/2\/2016\/08\/l-e-lundberg-400x496.jpg 400w, https:\/\/www.lundbergsstiftelserna.se\/stipendiestiftelsen\/wp-content\/uploads\/sites\/2\/2016\/08\/l-e-lundberg-600x743.jpg 600w, https:\/\/www.lundbergsstiftelserna.se\/stipendiestiftelsen\/wp-content\/uploads\/sites\/2\/2016\/08\/l-e-lundberg-800x991.jpg 800w, https:\/\/www.lundbergsstiftelserna.se\/stipendiestiftelsen\/wp-content\/uploads\/sites\/2\/2016\/08\/l-e-lundberg.jpg 820w\" sizes=\"(max-width: 800px) 100vw, 400px\" \/><\/span><\/div><div class=\"fusion-clearfix\"><\/div><\/div><\/div><\/div><\/div>\n","protected":false},"excerpt":{"rendered":"","protected":false},"author":1,"featured_media":0,"parent":0,"menu_order":0,"comment_status":"closed","ping_status":"closed","template":"","meta":{"footnotes":""},"class_list":["post-20","page","type-page","status-publish","hentry"],"_links":{"self":[{"href":"https:\/\/www.lundbergsstiftelserna.se\/stipendiestiftelsen\/wp-json\/wp\/v2\/pages\/20","targetHints":{"allow":["GET"]}}],"collection":[{"href":"https:\/\/www.lundbergsstiftelserna.se\/stipendiestiftelsen\/wp-json\/wp\/v2\/pages"}],"about":[{"href":"https:\/\/www.lundbergsstiftelserna.se\/stipendiestiftelsen\/wp-json\/wp\/v2\/types\/page"}],"author":[{"embeddable":true,"href":"https:\/\/www.lundbergsstiftelserna.se\/stipendiestiftelsen\/wp-json\/wp\/v2\/users\/1"}],"replies":[{"embeddable":true,"href":"https:\/\/www.lundbergsstiftelserna.se\/stipendiestiftelsen\/wp-json\/wp\/v2\/comments?post=20"}],"version-history":[{"count":11,"href":"https:\/\/www.lundbergsstiftelserna.se\/stipendiestiftelsen\/wp-json\/wp\/v2\/pages\/20\/revisions"}],"predecessor-version":[{"id":1707,"href":"https:\/\/www.lundbergsstiftelserna.se\/stipendiestiftelsen\/wp-json\/wp\/v2\/pages\/20\/revisions\/1707"}],"wp:attachment":[{"href":"https:\/\/www.lundbergsstiftelserna.se\/stipendiestiftelsen\/wp-json\/wp\/v2\/media?parent=20"}],"curies":[{"name":"wp","href":"https:\/\/api.w.org\/{rel}","templated":true}]}}